{"id":152,"date":"2024-11-03T19:28:38","date_gmt":"2024-11-03T16:28:38","guid":{"rendered":"https:\/\/spjutsund.fi\/?page_id=152"},"modified":"2025-09-01T15:24:15","modified_gmt":"2025-09-01T12:24:15","slug":"viktiga-lankar-2","status":"publish","type":"page","link":"https:\/\/spjutsund.fi\/index.php\/viktiga-lankar-2\/","title":{"rendered":"Nyttiga l\u00e4nkar"},"content":{"rendered":"\n<p><a href=\"https:\/\/borga-sibbosfiskeriomrade.fi\/\"><strong>Borg\u00e5-Sibbo fiskeriomr\u00e5de<\/strong><\/a> med bland annat sk\u00f6tsel och v\u00e5rdplan<\/p>\n\n\n\n<p><a href=\"https:\/\/ahven.net\/sv\/framsida\/\" data-type=\"link\" data-id=\"https:\/\/ahven.net\/sv\/framsida\/\"><strong>Centralf\u00f6rbundet f\u00f6r fiskerihush\u00e5llning<\/strong><\/a> med info om fisk, fiskrecept mm<\/p>\n\n\n\n<p><a href=\"https:\/\/nyfisk.net\/nylands-fiskarforbund\/\"><strong>Nylands Fiskarf\u00f6rbund<\/strong><\/a> som \u00e4r v\u00e5r st\u00f6dorganisation<\/p>\n\n\n\n<p><strong><a href=\"https:\/\/kalastusrajoitus.fi\/#\/kalastusrajoitus\">Aktuella fiskef\u00f6rbud och -begr\u00e4nsningar<\/a> <\/strong>ber\u00e4ttar var och hur man f\u00e5r fiska<\/p>\n\n\n\n<p><a href=\"https:\/\/beta.finlex.fi\/sv\/lagstiftning\/2015\/379?language=swe\"><strong>Lagen om fiske<\/strong><\/a> allt om vilka regler som g\u00e4ller<\/p>\n\n\n\n<p><a href=\"https:\/\/omakala.fi\/\"><strong>OmaKala<\/strong><\/a>-appen som ber\u00e4ttar hur mycket det fiskas p\u00e5 omr\u00e5det<\/p>\n\n\n\n<p><a href=\"https:\/\/www.vesi-ilma.fi\/\"><strong>F\u00f6reningen vatten- och luftv\u00e5rd<\/strong> <\/a>f\u00f6r \u00d6stra Nyland och Borg\u00e5 \u00e5<\/p>\n\n\n\n<p><a href=\"https:\/\/www.luke.fi\/sv\/statistik\/fritidsfiske\/fritidsfiske-2022\"><strong>Naturresursinstitutets<\/strong><\/a> statistik \u00f6ver fritidsfiske \u00e5r 2022<\/p>\n\n\n\n<p><a href=\"https:\/\/www.ruokavirasto.fi\/sv\/teman\/riskvardering\/riskinarviointiuutisia\/aktuellt-om-riskvardering\/forskning-det-ar-en-bra-ide-att-ata-inhemsk-fisk\/\"><strong>Livsmedelsverkets<\/strong><\/a> forskning om fisk som f\u00f6da<\/p>\n\n\n\n<p><strong><a href=\"https:\/\/byarsborg.fi\/\">Byarsborg<\/a><\/strong> platsen d\u00e4r allt h\u00e4nder i Spjutsund<\/p>\n\n\n\n<figure class=\"wp-block-image size-full\"><img loading=\"lazy\" decoding=\"async\" width=\"9904\" height=\"14016\" src=\"https:\/\/spjutsund.fi\/wp-content\/uploads\/2024\/09\/Finlands-Fiskar.jpg\" alt=\"\" class=\"wp-image-17\"\/><\/figure>\n\n\n\n<p>Bilden \u00e4r ett stort vykort som kan k\u00f6pas <a href=\"https:\/\/ahven.net\/p\/suomen-kaloja-postikortti\/\">fr\u00e5n <strong>Centralf\u00f6rbundet f\u00f6r Fiskerihush\u00e5llning<\/strong><\/a><\/p>\n\n\n\n<p><\/p>\n","protected":false},"excerpt":{"rendered":"<p>Borg\u00e5-Sibbo fiskeriomr\u00e5de med bland annat sk\u00f6tsel och v\u00e5rdplan Centralf\u00f6rbundet f\u00f6r fiskerihush\u00e5llning med info om fisk, fiskrecept mm Nylands Fiskarf\u00f6rbund som \u00e4r v\u00e5r st\u00f6dorganisation Aktuella fiskef\u00f6rbud och -begr\u00e4nsningar ber\u00e4ttar var och hur man f\u00e5r fiska Lagen om fiske allt om vilka regler som g\u00e4ller OmaKala-appen som ber\u00e4ttar hur mycket det fiskas p\u00e5 omr\u00e5det F\u00f6reningen vatten- och [&hellip;]<\/p>\n","protected":false},"author":1,"featured_media":0,"parent":0,"menu_order":50,"comment_status":"closed","ping_status":"closed","template":"","meta":{"footnotes":""},"class_list":["post-152","page","type-page","status-publish","hentry"],"_links":{"self":[{"href":"https:\/\/spjutsund.fi\/index.php\/wp-json\/wp\/v2\/pages\/152","targetHints":{"allow":["GET"]}}],"collection":[{"href":"https:\/\/spjutsund.fi\/index.php\/wp-json\/wp\/v2\/pages"}],"about":[{"href":"https:\/\/spjutsund.fi\/index.php\/wp-json\/wp\/v2\/types\/page"}],"author":[{"embeddable":true,"href":"https:\/\/spjutsund.fi\/index.php\/wp-json\/wp\/v2\/users\/1"}],"replies":[{"embeddable":true,"href":"https:\/\/spjutsund.fi\/index.php\/wp-json\/wp\/v2\/comments?post=152"}],"version-history":[{"count":11,"href":"https:\/\/spjutsund.fi\/index.php\/wp-json\/wp\/v2\/pages\/152\/revisions"}],"predecessor-version":[{"id":199,"href":"https:\/\/spjutsund.fi\/index.php\/wp-json\/wp\/v2\/pages\/152\/revisions\/199"}],"wp:attachment":[{"href":"https:\/\/spjutsund.fi\/index.php\/wp-json\/wp\/v2\/media?parent=152"}],"curies":[{"name":"wp","href":"https:\/\/api.w.org\/{rel}","templated":true}]}}