{"id":159,"date":"2024-11-03T20:45:07","date_gmt":"2024-11-03T17:45:07","guid":{"rendered":"https:\/\/spjutsund.fi\/?page_id=159"},"modified":"2025-09-27T11:01:19","modified_gmt":"2025-09-27T08:01:19","slug":"vad-tanka-pa-nar-du-fiskar","status":"publish","type":"page","link":"https:\/\/spjutsund.fi\/index.php\/allt-om-fiske\/vad-tanka-pa-nar-du-fiskar\/","title":{"rendered":"Vad t\u00e4nka p\u00e5 n\u00e4r du fiskar"},"content":{"rendered":"\n<p><strong>Allemansr\u00e4tt<\/strong><\/p>\n\n\n\n<p>Vi har i Finland n\u00e5got som kallas &#8217;Allemansr\u00e4tt&#8217; vilket bland annat betyder att man f\u00e5r meta med sp\u00f6 utan rulle, samt pimpla \u00f6verallt utom p\u00e5 fridlysta omr\u00e5den. Men det inneb\u00e4r \u00e4ven en skyldighet att inte skr\u00e4pa ned och att man i \u00f6vrigt f\u00f6ljer Lagen om fiske.<\/p>\n\n\n\n<p><strong>Fiske med svirvelsp\u00f6<\/strong><\/p>\n\n\n\n<p>Alla som fiskar med svirvelsp\u00f6 m\u00e5ste betala den obligatoriska &#8217;<strong>Fiskev\u00e5rdsavgiften<\/strong>&#8217;, med undantag f\u00f6r de vilka inte hunnit fylla 18 \u00e5r eller fyllt 69 \u00e5r. Man b\u00f6r kunna bevisa att man betalt avgiften, endera genom att ha med sig ett printat kvitto eller ha en bild eller kvitto i telefonen. Dessutom m\u00e5ste man kunna bevisa sin \u00e5lder om man p\u00e5st\u00e5r sej vara under 18 eller minst 69 \u00e5r.<\/p>\n\n\n\n<p><strong>Fiske med n\u00e4t, katsa, l\u00e5ngrev eller andra fast bragder<\/strong><\/p>\n\n\n\n<p>Fiske med fasta bragder kr\u00e4ver <strong>ALLTID<\/strong> vatten\u00e4garens tillst\u00e5nd, p\u00e5 v\u00e5rt omr\u00e5de betyder det att man k\u00f6pt fiskem\u00e4rken av Del\u00e4garlaget. Dessa m\u00e4rken m\u00e5ste vara f\u00e4sta vid bragdernas flaggor.<\/p>\n\n\n\n<p class=\"has-accent-3-color has-text-color has-link-color wp-elements-59df5730baea72b5bdedc7127129cc81\"><strong>Fridlysta fiskar p\u00e5 Spjutsunds Fiskelagsomr\u00e5de <\/strong><\/p>\n\n\n\n<p>F\u00f6ljande fiskar \u00e4r <strong>helt fridlysta och f\u00e5r inte f\u00e5ngas<\/strong>! Om du f\u00e5r n\u00e5gon av dessa i dina bragder eller vid fiske med sp\u00f6, b\u00f6r de alltid s\u00e4ttas tillbaka! \u00c4ven om de \u00e4r d\u00f6da eller skadade. Finns inga undantag! Nedan de arter och de skyddsbelopp som d\u00f6ms ut om fiskaren tar upp fisken &#8211; \u00e4ven om det sker i misstag eller av of\u00f6rst\u00e5nd!<\/p>\n\n\n\n<ul class=\"wp-block-list\">\n<li><strong>\u00c5l,<\/strong> 3510\u20ac<\/li>\n<\/ul>\n\n\n\n<ul class=\"wp-block-list\">\n<li><strong>Lax med fettfena<\/strong>, 3470\u20ac<\/li>\n<\/ul>\n\n\n\n<ul class=\"wp-block-list\">\n<li><strong>\u00d6ring med fettfena,<\/strong> 3260\u20ac<\/li>\n<\/ul>\n\n\n\n<ul class=\"wp-block-list\">\n<li><strong>Harr<\/strong>, 1360\u20ac<\/li>\n<\/ul>\n\n\n\n<p><strong>Minimim\u00e5tt f\u00f6r fiskar p\u00e5 Spjutsunds Fiskelags omr\u00e5de<\/strong><\/p>\n\n\n\n<ul class=\"wp-block-list\">\n<li><strong>\u00d6ring med fettfena<\/strong>, 60 cm<\/li>\n<\/ul>\n\n\n\n<ul class=\"wp-block-list\">\n<li><strong>Fettfeneklippt \u00f6ring,<\/strong> 50 cm<\/li>\n<\/ul>\n\n\n\n<ul class=\"wp-block-list\">\n<li><strong>Havslax<\/strong>, 60 cm<\/li>\n<\/ul>\n\n\n\n<ul class=\"wp-block-list\">\n<li><strong>G\u00f6s<\/strong>, 42 cm <\/li>\n<\/ul>\n\n\n\n<p><strong>Hur behandla f\u00e5ngsten<\/strong><\/p>\n\n\n\n<p>All fisk som man tar upp f\u00f6r att beh\u00e5lla, <strong>b\u00f6r omedelbart avlivas<\/strong> eller l\u00e4ggas i en sump eller stor s\u00e5 med vatten. Ett \u00e4mbar \u00e4r f\u00f6r litet! Detta g\u00e4ller \u00e4ven p\u00e5 vintern. Ingen fisk f\u00e5r l\u00e4mnas att sprattla p\u00e5 isen i v\u00e4ntan p\u00e5 att frysa ihj\u00e4l.<\/p>\n\n\n\n<p>All annan fisk b\u00f6r omedelbart s\u00e4ttas f\u00f6rsiktigt tillbaks i vattnet! Det g\u00e4ller \u00e4ven alla fridlysta fiskar och fiskar som inte uppfyller minim\u00e5ttet. \u00e4ven om de \u00e4r skadade eller till och med d\u00f6da. <\/p>\n\n\n\n<p><strong>God ton och v\u00e4nlighet<\/strong><\/p>\n\n\n\n<p>Kom ih\u00e5g att inte st\u00f6ra andra n\u00e4r du fiskar. <strong>Undvik att fiska i n\u00e4rheten av andras bryggor och bragder<\/strong>. Man f\u00e5r inte fiska n\u00e4rmare \u00e4n 50 m fr\u00e5n en annan bragd. Undvik oljud, rop och om du fiskar med svirvel, kom ih\u00e5g att inte ligga med b\u00e5ten i farleden eller s\u00e5 att du st\u00f6r annan b\u00e5trafik med b\u00e5ten eller med fisklinor. <\/p>\n\n\n\n<p>Om en strand\u00e4gare ber dej flytta p\u00e5 dej, d\u00e5 \u00e4r du s\u00e5 n\u00e4ra att det st\u00f6r, om det \u00e4r s\u00e5 att du \u00e4r n\u00e4ra en brygga eller simstrand. D\u00e5 skall du flytta dej. Men om du fiskar vid en vassrugg l\u00e5ngt borta utom sikte bryggan, har du r\u00e4tt att forts\u00e4tta fiska. <\/p>\n\n\n\n<p><strong>Vem f\u00e5r granska din fisker\u00e4tt?<\/strong><\/p>\n\n\n\n<p>Det \u00e4r endast officiella fiske\u00f6vervakare, polisen, gr\u00e4nsbevakningen, tullen och NTM-centralen som f\u00e5r granska ditt tillst\u00e5nd och vid behov beslagta eller flytta bragder. <\/p>\n\n\n\n<p><strong>Anv\u00e4nd <a href=\"https:\/\/omakala.fi\/\">OMAKALA-<\/a>appen!<\/strong><\/p>\n\n\n\n<p>Oma kala \u00e4r en applikation som laddas ned p\u00e5 din mobiltelefon och som du kan anv\u00e4nda som den fiskedagbok. Men det viktigaste med OmaKala-appen, \u00e4r att d\u00e5 registreras att det fiskas p\u00e5 ett omr\u00e5de, och det \u00e4r sedan en av grunderna f\u00f6r hur mycket vatten\u00e4garen f\u00e5r ers\u00e4ttning av staten f\u00f6r att det fiskas p\u00e5 omr\u00e5det. Och dessa ers\u00e4ttningar samt int\u00e4kterna f\u00f6r fiskem\u00e4rken, anv\u00e4nds sedan f\u00f6r v\u00e5rd av fiskevattnet och utplantering av fisk. L\u00e4s mer p\u00e5 <a href=\"https:\/\/omakala.fi\/\"><strong>OmaKala!<\/strong><\/a><\/p>\n\n\n\n<figure class=\"wp-block-image size-large\"><img loading=\"lazy\" decoding=\"async\" width=\"1024\" height=\"694\" src=\"https:\/\/spjutsund.fi\/wp-content\/uploads\/2024\/09\/Omakala-sve-scaled-e1730306114509-1024x694.jpg\" alt=\"\" class=\"wp-image-37\" srcset=\"https:\/\/spjutsund.fi\/wp-content\/uploads\/2024\/09\/Omakala-sve-scaled-e1730306114509-1024x694.jpg 1024w, https:\/\/spjutsund.fi\/wp-content\/uploads\/2024\/09\/Omakala-sve-scaled-e1730306114509-300x203.jpg 300w, https:\/\/spjutsund.fi\/wp-content\/uploads\/2024\/09\/Omakala-sve-scaled-e1730306114509-768x521.jpg 768w, https:\/\/spjutsund.fi\/wp-content\/uploads\/2024\/09\/Omakala-sve-scaled-e1730306114509-1536x1042.jpg 1536w, https:\/\/spjutsund.fi\/wp-content\/uploads\/2024\/09\/Omakala-sve-scaled-e1730306114509-2048x1389.jpg 2048w\" sizes=\"auto, (max-width: 1024px) 100vw, 1024px\" \/><\/figure>\n\n\n\n<p><\/p>\n","protected":false},"excerpt":{"rendered":"<p>Allemansr\u00e4tt Vi har i Finland n\u00e5got som kallas &#8217;Allemansr\u00e4tt&#8217; vilket bland annat betyder att man f\u00e5r meta med sp\u00f6 utan rulle, samt pimpla \u00f6verallt utom p\u00e5 fridlysta omr\u00e5den. Men det inneb\u00e4r \u00e4ven en skyldighet att inte skr\u00e4pa ned och att man i \u00f6vrigt f\u00f6ljer Lagen om fiske. Fiske med svirvelsp\u00f6 Alla som fiskar med svirvelsp\u00f6 [&hellip;]<\/p>\n","protected":false},"author":1,"featured_media":0,"parent":133,"menu_order":0,"comment_status":"closed","ping_status":"closed","template":"","meta":{"footnotes":""},"class_list":["post-159","page","type-page","status-publish","hentry"],"_links":{"self":[{"href":"https:\/\/spjutsund.fi\/index.php\/wp-json\/wp\/v2\/pages\/159","targetHints":{"allow":["GET"]}}],"collection":[{"href":"https:\/\/spjutsund.fi\/index.php\/wp-json\/wp\/v2\/pages"}],"about":[{"href":"https:\/\/spjutsund.fi\/index.php\/wp-json\/wp\/v2\/types\/page"}],"author":[{"embeddable":true,"href":"https:\/\/spjutsund.fi\/index.php\/wp-json\/wp\/v2\/users\/1"}],"replies":[{"embeddable":true,"href":"https:\/\/spjutsund.fi\/index.php\/wp-json\/wp\/v2\/comments?post=159"}],"version-history":[{"count":5,"href":"https:\/\/spjutsund.fi\/index.php\/wp-json\/wp\/v2\/pages\/159\/revisions"}],"predecessor-version":[{"id":241,"href":"https:\/\/spjutsund.fi\/index.php\/wp-json\/wp\/v2\/pages\/159\/revisions\/241"}],"up":[{"embeddable":true,"href":"https:\/\/spjutsund.fi\/index.php\/wp-json\/wp\/v2\/pages\/133"}],"wp:attachment":[{"href":"https:\/\/spjutsund.fi\/index.php\/wp-json\/wp\/v2\/media?parent=159"}],"curies":[{"name":"wp","href":"https:\/\/api.w.org\/{rel}","templated":true}]}}