{"id":2,"date":"2024-08-11T16:03:07","date_gmt":"2024-08-11T16:03:07","guid":{"rendered":"https:\/\/spjutsund.fi\/?page_id=2"},"modified":"2026-04-20T19:20:52","modified_gmt":"2026-04-20T16:20:52","slug":"sample-page","status":"publish","type":"page","link":"https:\/\/spjutsund.fi\/index.php\/spjutsunds-delagarlag-2\/sample-page\/","title":{"rendered":"Del\u00e4garlagets stadgar"},"content":{"rendered":"\n<p><strong>Del\u00e4garlagets namn<\/strong>: Spjutsunds del\u00e4garlag<\/p>\n\n\n\n<p><strong>Registernummer<\/strong>: 2030116-9<\/p>\n\n\n\n<p><strong>Hemort<\/strong>: Sibbo<\/p>\n\n\n\n<p><strong>Kommun d\u00e4r vattenomr\u00e5det \u00e4r bel\u00e4<\/strong>get: Sibbo kommun<\/p>\n\n\n\n<p><strong>Fastighetsbeteckning<\/strong>: 753-430-876-2<\/p>\n\n\n\n<p>Del\u00e4garlagets vatten \u00e4r till arealen 870 hektar och finns utm\u00e4rkt i kartbilaga. Till del\u00e4garlagets gemensamma omr\u00e5den h\u00f6r dessutom tillandningar och andra gemensamma omr\u00e5den som har samma fastighetsbeteckning som ovann\u00e4mnda vatten och delar av vatten.<\/p>\n\n\n\n<p>Del\u00e4garlaget har p\u00e5 allm\u00e4nt m\u00f6te den &nbsp;13.7.2024&nbsp; antagit f\u00f6ljande stadgar:<\/p>\n\n\n\n<p>1 \u00a7<\/p>\n\n\n\n<p>Del\u00e4garlagets uppgift \u00e4r att sk\u00f6ta f\u00f6rvaltningen och \u00f6vriga angel\u00e4genheter som g\u00e4ller det samf\u00e4llda omr\u00e5det.<\/p>\n\n\n\n<p>Del\u00e4garlagets uppgift \u00e4r att inom sitt omr\u00e5de ordna fisket enligt nyttjande- och v\u00e5rdplanen p\u00e5 s\u00e5 s\u00e4tt att avkastningen och anv\u00e4ndningen av fiskresursen \u00e4r h\u00e5llbar och m\u00e5ngsidig och fiskbest\u00e5ndens naturliga livscykel samt fiskbest\u00e5ndets och den \u00f6vriga vattennaturens m\u00e5ngfald tryggas.<\/p>\n\n\n\n<p>Del\u00e4garlagets beslutander\u00e4tt ut\u00f6vas av del\u00e4garst\u00e4mman, med undantag av de uppgifter som med dessa stadgar delegerats till del\u00e4garlagets styrelse.<\/p>\n\n\n\n<p>2 \u00a7<\/p>\n\n\n\n<p>I del\u00e4garlagets fiskevatten bedrivs fiske p\u00e5 s\u00e5 s\u00e4tt som \u00e4r stadgat i lag om fiske eller med st\u00f6d av den samt n\u00e4rmare f\u00f6reskrivs i dessa stadgar och beslut som del\u00e4garlagets st\u00e4mma fattat.<\/p>\n\n\n\n<p>Del\u00e4garlagets st\u00e4mma kan f\u00f6r att f\u00f6rb\u00e4ttra fiskbest\u00e5ndens produktivitet eller f\u00f6r att bevara dessa besluta om begr\u00e4nsningar g\u00e4llande fisket i samr\u00e5d med Borg\u00e5-Sibbos Fiskeriomr\u00e5de.<\/p>\n\n\n\n<p>3 \u00a7<\/p>\n\n\n\n<p>R\u00e4tten till nyttjandet av fiskevattnet best\u00e4ms utifr\u00e5n redskapsenheter s\u00e5 att totalantalet redskapsenheter inom del\u00e4garlagets vattenomr\u00e5de \u00e4r h\u00f6gst &nbsp;1650 redskapsenheter<\/p>\n\n\n\n<p>Olika f\u00e5ngst- och fiskeredskaps redskapsenheter best\u00e4ms av del\u00e4garlagets st\u00e4mma.<\/p>\n\n\n\n<p>Redskapsenheterna skall \u00e5rligen l\u00f6sas in till det pris per varje enskild enhetstyp som st\u00e4mman fastst\u00e4ller.<\/p>\n\n\n\n<p>Redskapsenheternas antal per fiskare best\u00e4ms vid del\u00e4garlagets st\u00e4mma.<\/p>\n\n\n\n<p>En del\u00e4gare f\u00e5r utan de \u00f6vriga del\u00e4garnas samtycke ge annan tillst\u00e5nd att utan eller mot vederlag nyttja den fisker\u00e4tt som tillkommer del\u00e4garen inom det samf\u00e4llda omr\u00e5det. Styrelsen b\u00f6r underr\u00e4ttas om \u00f6verl\u00e5telsen<\/p>\n\n\n\n<p>4 \u00a7<\/p>\n\n\n\n<p>Beslut om redskapsenhets- eller andra avgifter i anslutning till fisket som uppb\u00e4rs av del\u00e4garna och \u00f6vriga som fiskar p\u00e5 del\u00e4garlagets vattenomr\u00e5de fattas p\u00e5 del\u00e4garst\u00e4mman.<\/p>\n\n\n\n<p>F\u00f6r sk\u00f6tseln av samf\u00e4lligheten eller f\u00f6r andra n\u00f6dv\u00e4ndiga utgifter f\u00f6r del\u00e4garlaget kan del\u00e4garna \u00e5l\u00e4ggas att betala avgifter som best\u00e4ms enligt varje del\u00e4gares andelstal eller n\u00e5gon annan av st\u00e4mman beslutad grund.<\/p>\n\n\n\n<p>5 \u00a7<\/p>\n\n\n\n<p>St\u00e4mman kan fatta beslut om utarrendering av r\u00e4tten till fiske inom del\u00e4garlagets vattenomr\u00e5de.<\/p>\n\n\n\n<p>6 \u00a7<\/p>\n\n\n\n<p>Del\u00e4garlaget fattar vid st\u00e4mman beslut om hur fisker\u00e4tten ska anges vid fiske med st\u00e5ende redskap.<\/p>\n\n\n\n<p>Personer som f\u00f6rutom med st\u00f6d av den allm\u00e4nna fisker\u00e4tten bedriver fiske inom del\u00e4garlagets vattenomr\u00e5de kan genom beslut av del\u00e4garst\u00e4mma \u00e5l\u00e4ggas att l\u00e4mna uppgifter om fisket och dess avkastning p\u00e5 s\u00e4tt som st\u00e4mman n\u00e4rmare beslutat.<\/p>\n\n\n\n<p>7 \u00a7<\/p>\n\n\n\n<p>Del\u00e4garlaget fattar vid st\u00e4mman beslut om ordnandet av fisket och fiskev\u00e5rden p\u00e5 det samf\u00e4llda vattnet.<\/p>\n\n\n\n<p>Del\u00e4garlaget fattar vid st\u00e4mman beslut om nyttjandet av omr\u00e5det eller en del av omr\u00e5det f\u00f6r andra \u00e4ndam\u00e5l \u00e4n fiske, inklusive jakt, samt om vilka avgifter som uppb\u00e4rs f\u00f6r detta.<\/p>\n\n\n\n<p>Jakt p\u00e5 sj\u00f6f\u00e5gel p\u00e5 samf\u00e4llda vattnet till\u00e5ten endast f\u00f6r del\u00e4gare, dennes familj och g\u00e4ster i del\u00e4gares n\u00e4rvaro.<\/p>\n\n\n\n<p>8 \u00a7<\/p>\n\n\n\n<p>Om inget annat best\u00e4ms vid st\u00e4mman, \u00e4r beslut fattade med st\u00f6d av paragraferna 3\u20137 i kraft tills vidare.<\/p>\n\n\n\n<p>9 \u00a7<\/p>\n\n\n\n<p>Del\u00e4garlagets beslutander\u00e4tt ut\u00f6vas av del\u00e4garst\u00e4mman. Del\u00e4garlagets ordinarie st\u00e4mma ska \u00e5rligen h\u00e5llas f\u00f6re utg\u00e5ngen av april m\u00e5nad. St\u00e4mman sammankallas av styrelsen.<\/p>\n\n\n\n<p>Del\u00e4garst\u00e4mman kung\u00f6rs p\u00e5 anslagstavlan vid Byarsborg, p\u00e5 del\u00e4garlagets webbplats samt per e-post till den adress del\u00e4garen meddelat del\u00e4garlaget. Kung\u00f6relsen ska publiceras och e-posten skickas minst 14 dagar innan st\u00e4mman.<\/p>\n\n\n\n<p>I kallelsen ska anges n\u00e4r st\u00e4mman h\u00e5lls, vilka \u00e4renden som ska behandlas samt n\u00e4r och var de justerade protokollen h\u00e5lls till p\u00e5seende.<\/p>\n\n\n\n<p>Det justerade protokollet skall finnas till p\u00e5seende vid den plats som angivits i kallelsen fr\u00e5n och med den sjunde dagen efter m\u00f6tesdagen fram till dess att det g\u00e5tt 30 dagar fr\u00e5n m\u00f6tesdagen.<\/p>\n\n\n\n<p>Vid st\u00e4mman f\u00e5r beslut fattas endast i de \u00e4renden som har n\u00e4mnts i kallelsen.<\/p>\n\n\n\n<p>10 \u00a7<\/p>\n\n\n\n<p>Styrelsen kan vid behov fatta beslut att sammankalla en extraordin\u00e4r st\u00e4mma. Om del\u00e4gare som tillsammans f\u00f6retr\u00e4der minst en tiondel av samtliga andelar skriftligen beg\u00e4r det f\u00f6r behandling av ett visst \u00e4rende, m\u00e5ste en extraordin\u00e4r st\u00e4mma sammankallas inom 3 veckor fr\u00e5n det att kravet framst\u00e4llts till styrelsen eller ombudsmannen.<\/p>\n\n\n\n<p>11 \u00a7<\/p>\n\n\n\n<p>Styrelsen kan vid behov fatta beslut att man f\u00f6rutom fysiskt deltagande kan erbjuda m\u00f6jlighet att delta p\u00e5 distans i del\u00e4garlagets ordinarie eller extraordin\u00e4ra st\u00e4mma eller styrelsens m\u00f6te genom att nyttja datatekniska l\u00f6-sningar som \u00f6verf\u00f6r bild- och ljud, eller genom att anv\u00e4nda e-post.<\/p>\n\n\n\n<p>12 \u00a7<\/p>\n\n\n\n<p>Vid ordinarie st\u00e4mma:<\/p>\n\n\n\n<p>1) presenteras styrelsens ber\u00e4ttelse \u00f6ver f\u00f6reg\u00e5ende verksamhets\u00e5r;<\/p>\n\n\n\n<p>2) presenteras och fastst\u00e4lls r\u00e4kenskaperna och ber\u00e4ttelsen \u00f6ver verksamhet f\u00f6r f\u00f6reg\u00e5ende \u00e5r;<\/p>\n\n\n\n<p>3) fattas beslut om beviljande av ansvarsfrihet \u00e5t styrelsen och ansvariga funktion\u00e4rer;<\/p>\n\n\n\n<p>4) fattas beslut som avses i 3\u20137 \u00a7 i dessa stadgar;<\/p>\n\n\n\n<p>5) fattas beslut om anv\u00e4ndningen av de i 82 \u00a7 i lagen om fiske avsedda vatten\u00e4garers\u00e4ttningarna;<\/p>\n\n\n\n<p>6) godk\u00e4nns del\u00e4garlagets budget f\u00f6r nuvarande\/kommande \u00e5r;<\/p>\n\n\n\n<p>7) godk\u00e4nns del\u00e4garlagets verksamhetsplan f\u00f6r nuvarande\/kommande \u00e5r;<\/p>\n\n\n\n<p>8) best\u00e4ms arvoden f\u00f6r styrelsens medlemmar, verksamhetsgranskarna, m\u00f6tesrepresentanter och andra funktion\u00e4rer;<\/p>\n\n\n\n<p>9) v\u00e4ljs ordf\u00f6rande f\u00f6r styrelsen f\u00f6r inkommande verksamhets\u00e5r <\/p>\n\n\n\n<p>10) v\u00e4ljs f\u00f6r inkommande tv\u00e5 kalender\u00e5r 4 (fyra) medlemmar i styrelsen samt deras personliga suppleanter;<\/p>\n\n\n\n<p>11) utses tv\u00e5 verksamhetsgranskare j\u00e4mte personliga suppleanter f\u00f6r att granska del\u00e4garlagets f\u00f6rvaltning och r\u00e4kenskaper under inkommande kalender\u00e5r;<\/p>\n\n\n\n<p>12) utses en f\u00f6retr\u00e4dare j\u00e4mte en suppleant f\u00f6r del\u00e4garlaget till fiskeriomr\u00e5dets st\u00e4mma;<\/p>\n\n\n\n<p>13) fattas beslut om den tidning i vilken del\u00e4garlaget kung\u00f6r sina st\u00e4mmor;<\/p>\n\n\n\n<p>14) fattas beslut om \u00f6vriga i kallelsen n\u00e4mnda \u00e4renden;<\/p>\n\n\n\n<p>15) behandlas \u00f6vriga \u00e4renden.<\/p>\n\n\n\n<p>Utan hinder av vad som ovan stadgats om mandatperiod forts\u00e4tter de enligt punkterna 9\u201311 valda personerna i sina uppgifter till dess beslutet g\u00e4llande valet av deras eftertr\u00e4dare \u00e4r verkst\u00e4llbart.<\/p>\n\n\n\n<p>13 \u00a7<\/p>\n\n\n\n<p>Beslut fattade av del\u00e4garlagets styrelse, fiskerimyndigheternas best\u00e4mmelser, st\u00e4mningar som tillst\u00e4llts del\u00e4garlaget samt \u00f6vriga kung\u00f6relser delges del\u00e4garna genom meddelande vid n\u00e4sta del\u00e4garst\u00e4mma.<\/p>\n\n\n\n<p>14 \u00a7<\/p>\n\n\n\n<p>Vid st\u00e4mman har varje del\u00e4gare r\u00f6str\u00e4tt i enlighet med sin andel. N\u00e4r ordf\u00f6rande f\u00f6r st\u00e4mman v\u00e4ljs och vid godk\u00e4nnande av r\u00f6stl\u00e4ngd har dock varje deltagare en r\u00f6st. Om deltagarna vid st\u00e4mman enh\u00e4lligt s\u00e5 besluter kan vid st\u00e4mman ocks\u00e5 de \u00f6vriga besluten fattas p\u00e5 detta s\u00e4tt.<\/p>\n\n\n\n<p>En del\u00e4gare kan befullm\u00e4ktiga ett ombud att f\u00f6retr\u00e4da honom vid del\u00e4garst\u00e4mman. Vid st\u00e4mman f\u00e5r dock ingen r\u00f6sta med ett r\u00f6stetal som \u00f6verskrider trettio procent av de n\u00e4rvarande deltagarnas sammanlagda r\u00f6stetal. Om flera del\u00e4gare har samma ombud, till\u00e4mpas r\u00f6stetalsbegr\u00e4nsningen p\u00e5 ombudets sammanlagda r\u00f6stm\u00e4ngd.<\/p>\n\n\n\n<p>Vid fattandet av st\u00e4mmobeslut, r\u00e4kning av r\u00f6stresultat och verkst\u00e4llandet av beslut f\u00f6ljs i \u00f6vrigt lagen om samf\u00e4lligheter.<\/p>\n\n\n\n<p>15 \u00a7<\/p>\n\n\n\n<p>\u00d6ver del\u00e4garst\u00e4mman f\u00f6rs protokoll i vilket det antecknas tid och plats f\u00f6r st\u00e4mman, hur st\u00e4mman sammankallats, n\u00e4rvarande del\u00e4gare eller deras ombud, deras r\u00f6stetal samt de f\u00f6rslag som lagts fram, r\u00f6stningar och beslut som gjorts vid st\u00e4mman.<\/p>\n\n\n\n<p>Protokollet undertecknas av ordf\u00f6rande, sekreterare samt tv\u00e5 protokolljusterare valda av st\u00e4mman. Ifall ordf\u00f6rande sj\u00e4lv f\u00f6r protokoll undertecknas protokollet av ordf\u00f6rande och minst en protokolljusterare vald av st\u00e4mman.<\/p>\n\n\n\n<p>16 \u00a7<\/p>\n\n\n\n<p>Del\u00e4garlaget v\u00e4ljer vid st\u00e4mman en styrelse, som best\u00e5r av 4 (fyra) medlemmar samt personliga suppleanter. Mandattiden f\u00f6r styrelsens medlemmar \u00e4r tv\u00e5 \u00e5r. Av de f\u00f6rst utsedda styrelsemedlemmarna avg\u00e5r vid utg\u00e5ngen av f\u00f6rsta \u00e5ret h\u00e4lften genom lottning och vid utg\u00e5ngen av andra \u00e5ret de \u00f6vriga medlemmarna. D\u00e4refter \u00e4r valordningen den, att h\u00e4lften av medlemmarna i styrelsen \u00e5rligen i den ordning de blivit valda \u00e4r i tur att avg\u00e5.<\/p>\n\n\n\n<p>Styrelsen v\u00e4ljer inom sig en vice ordf\u00f6rande f\u00f6r ett \u00e5r i s\u00e4nder. Styrelsen \u00e4r beslutf\u00f6r d\u00e5 ordf\u00f6randen eller vice ordf\u00f6randen och minst h\u00e4lften av de \u00f6vriga medlemmarna eller deras suppleanter \u00e4r n\u00e4rvarande.<\/p>\n\n\n\n<p>Vid styrelsens m\u00f6ten leder ordf\u00f6rande ordet och vid f\u00f6rfall av honom, vice ordf\u00f6rande. Som styrelsens beslut g\u00e4ller den mening som har omfattats av flertalet eller, vid lika r\u00f6stetal, den mening som ordf\u00f6randen har bitr\u00e4tt. \u00d6ver styrelsem\u00f6tena f\u00f6rs protokoll i vilket antecknas tid och plats f\u00f6r m\u00f6tet, vilka som varit n\u00e4rvarande samt vilka beslut som fattats.<\/p>\n\n\n\n<p>Styrelsens ordf\u00f6rande eller, vid f\u00f6rfall f\u00f6r honom, vice ordf\u00f6rande, f\u00f6r styrelsens talan vid domstol och inf\u00f6r myndighet, s\u00e5vitt styrelsen inte f\u00f6r visst \u00e4rende f\u00f6rordnar annat ombud.<\/p>\n\n\n\n<p>17 \u00a7<\/p>\n\n\n\n<p>Ut\u00f6ver vad i lag om fiske och lag om samf\u00e4lligheter och med st\u00f6d av den i \u00f6vrigt \u00e4r stadgat eller f\u00f6reskrivet ska styrelsen:<\/p>\n\n\n\n<p>1) leda del\u00e4garlagets verksamhet;<\/p>\n\n\n\n<p>2) bevaka del\u00e4garlagets intressen;<\/p>\n\n\n\n<p>3) f\u00f6r st\u00e4mman l\u00e4gga fram f\u00f6rslag som r\u00f6r del\u00e4garlagets verksamhet och bereda \u00e4renden som ska tas upp vid st\u00e4mman;<\/p>\n\n\n\n<p>4) verkst\u00e4lla del\u00e4garlagets beslut samt informera om dessa;<\/p>\n\n\n\n<p>5) sk\u00f6ta del\u00e4garlagets ekonomi och egendom;<\/p>\n\n\n\n<p>6) f\u00f6retr\u00e4da del\u00e4garlaget i \u00e4renden som g\u00e4ller nyttjandet och v\u00e5rden av fiskevattnen gentemot enskild del\u00e4gare och tredje person;<\/p>\n\n\n\n<p>7) f\u00f6ra f\u00f6rteckning \u00f6ver del\u00e4garna i del\u00e4garlaget och deras r\u00f6stetal;<\/p>\n\n\n\n<p>8) \u00f6vervaka att del\u00e4garlagets stadgar och beslut f\u00f6ljs;<\/p>\n\n\n\n<p>9) sedan styrelsens ordf\u00f6rande och vice ordf\u00f6rande blivit utsedda meddela deras namn och kontaktuppgifter till Regionf\u00f6rvaltningsverket, Lantm\u00e4teriverket, samt styrelsen f\u00f6r det Borg\u00e5-Sibbos Fiskeriomr\u00e5de.<\/p>\n\n\n\n<p>10) fatta beslut om f\u00f6ljande \u00e4renden i enlighet med ramarna definierade i verksamhetsplanen:<\/p>\n\n\n\n<p>\u00b7 medgivande till att placera till sina verkningar obetydliga bryggor, kablar eller andra anl\u00e4ggningar p\u00e5 det gemensamma vattenomr\u00e5det,<\/p>\n\n\n\n<p>\u00b7 medgivande till t\u00e4vlingar och andra anordnade tillst\u00e4llningar,<\/p>\n\n\n\n<p>\u00b7 medgivande att str\u00f6 avlidens aska,<\/p>\n\n\n\n<p>\u00b7 medgivande till sm\u00e5 muddringar och deponering av muddermassor,<\/p>\n\n\n\n<p>\u00b7 medgivande till fisk- och annan forskning p\u00e5 del\u00e4garlagets omr\u00e5de.<\/p>\n\n\n\n<p>F\u00f6r ovann\u00e4mnda medgivanden har del\u00e4garlaget r\u00e4tt att avkr\u00e4va avgift enligt st\u00e4mmans beslut.<\/p>\n\n\n\n<p>Styrelsen kan ut\u00f6va beslutander\u00e4tt i st\u00e4llet f\u00f6r del\u00e4garst\u00e4mman i angel\u00e4genheter av ringa betydelse.<\/p>\n\n\n\n<p>18 \u00a7<\/p>\n\n\n\n<p>Del\u00e4garlagets namn tecknas av styrelseordf\u00f6randen ensam eller av vice ordf\u00f6randen tillsammans med en annan styrelsemedlem.<\/p>\n\n\n\n<p>19 \u00a7<\/p>\n\n\n\n<p>Del\u00e4garlagets verksamhets- och r\u00e4kenskaps\u00e5r \u00e4r ett kalender\u00e5r. Del\u00e4garlagets r\u00e4kenskaper, redog\u00f6relse f\u00f6r verksamheten och \u00f6vriga beh\u00f6vliga handlingar ska l\u00e4mnas till verksamhetsgranskarna f\u00f6re 30 mars. Verksamhetsgranskarna ska avl\u00e4mna ber\u00e4ttelse till styrelsen f\u00f6re 15 mars.<\/p>\n\n\n\n<p>20 \u00a7<\/p>\n\n\n\n<p>En del\u00e4gare har r\u00e4tt att ta del av del\u00e4garlagets bokf\u00f6ring och andra handlingar som h\u00e4nf\u00f6r sig till del\u00e4garlagets verksamhet. Del\u00e4garen har r\u00e4tt att anlita medhj\u00e4lpare samt att f\u00e5 kopior av bokf\u00f6ringen och andra handlingar. Del\u00e4garlaget har h\u00e4rvid r\u00e4tt att av del\u00e4garen f\u00e5 ers\u00e4ttning f\u00f6r s\u00e5dana kostnader f\u00f6r kopiering och avs\u00e4ndande av handlingar som \u00e5samkats del\u00e4garlaget.<\/p>\n\n\n\n<p>21 \u00a7<\/p>\n\n\n\n<p>En del\u00e4gare kan p\u00e5 s\u00e5 s\u00e4tt som n\u00e4rmare stadgas i lag om samf\u00e4lligheter genom r\u00e4ttelseyrkande som tillst\u00e4lls styrelsen och riktas till st\u00e4mman eller genom att v\u00e4cka talan vid tingsr\u00e4tt kr\u00e4va att ett beslut som strider med lag eller dessa stadgar eller kr\u00e4nker del\u00e4garens r\u00e4ttigheter \u00e4ndras.<\/p>\n\n\n\n<p>22 \u00a7<\/p>\n\n\n\n<p>Del\u00e4garlaget kan ha en sekreterare, kass\u00f6r, av NTM-centralen godk\u00e4nd fiske\u00f6vervakare samt andra funktion\u00e4rer, vilka styrelsen antar och befriar fr\u00e5n deras uppgifter.<\/p>\n\n\n\n<p>\u00c5 del\u00e4garlagets st\u00e4mmas v\u00e4gnar,<\/p>\n\n\n\n<p><strong>Thorbj\u00f6rn Sir\u00e9n<\/strong><\/p>\n\n\n\n<p>Ordf\u00f6rande&nbsp;&nbsp;&nbsp;&nbsp;<\/p>\n\n\n\n<p><\/p>\n","protected":false},"excerpt":{"rendered":"<p>Del\u00e4garlagets namn: Spjutsunds del\u00e4garlag Registernummer: 2030116-9 Hemort: Sibbo Kommun d\u00e4r vattenomr\u00e5det \u00e4r bel\u00e4get: Sibbo kommun Fastighetsbeteckning: 753-430-876-2 Del\u00e4garlagets vatten \u00e4r till arealen 870 hektar och finns utm\u00e4rkt i kartbilaga. Till del\u00e4garlagets gemensamma omr\u00e5den h\u00f6r dessutom tillandningar och andra gemensamma omr\u00e5den som har samma fastighetsbeteckning som ovann\u00e4mnda vatten och delar av vatten. Del\u00e4garlaget har p\u00e5 allm\u00e4nt [&hellip;]<\/p>\n","protected":false},"author":1,"featured_media":0,"parent":76,"menu_order":10,"comment_status":"closed","ping_status":"closed","template":"","meta":{"footnotes":""},"class_list":["post-2","page","type-page","status-publish","hentry"],"_links":{"self":[{"href":"https:\/\/spjutsund.fi\/index.php\/wp-json\/wp\/v2\/pages\/2","targetHints":{"allow":["GET"]}}],"collection":[{"href":"https:\/\/spjutsund.fi\/index.php\/wp-json\/wp\/v2\/pages"}],"about":[{"href":"https:\/\/spjutsund.fi\/index.php\/wp-json\/wp\/v2\/types\/page"}],"author":[{"embeddable":true,"href":"https:\/\/spjutsund.fi\/index.php\/wp-json\/wp\/v2\/users\/1"}],"replies":[{"embeddable":true,"href":"https:\/\/spjutsund.fi\/index.php\/wp-json\/wp\/v2\/comments?post=2"}],"version-history":[{"count":4,"href":"https:\/\/spjutsund.fi\/index.php\/wp-json\/wp\/v2\/pages\/2\/revisions"}],"predecessor-version":[{"id":332,"href":"https:\/\/spjutsund.fi\/index.php\/wp-json\/wp\/v2\/pages\/2\/revisions\/332"}],"up":[{"embeddable":true,"href":"https:\/\/spjutsund.fi\/index.php\/wp-json\/wp\/v2\/pages\/76"}],"wp:attachment":[{"href":"https:\/\/spjutsund.fi\/index.php\/wp-json\/wp\/v2\/media?parent=2"}],"curies":[{"name":"wp","href":"https:\/\/api.w.org\/{rel}","templated":true}]}}