{"id":201,"date":"2024-11-07T18:42:56","date_gmt":"2024-11-07T15:42:56","guid":{"rendered":"https:\/\/spjutsund.fi\/?page_id=201"},"modified":"2024-11-07T18:44:03","modified_gmt":"2024-11-07T15:44:03","slug":"rapporter","status":"publish","type":"page","link":"https:\/\/spjutsund.fi\/index.php\/delagarinfo\/rapporter\/","title":{"rendered":"Rapporter"},"content":{"rendered":"\n<p><strong><em>H\u00e4r publiceras rapporter och meddelanden fr\u00e5n myndigheter och andra instanser, vilka p\u00e5 n\u00e5got s\u00e4tt ber\u00f6r Del\u00e4garlaget eller som annars kan vara intressanta f\u00f6r del\u00e4garna.<\/em><\/strong><\/p>\n\n\n\n<p><strong>Kymijoen vesi- ja ymp\u00e4rist\u00f6<\/strong> <\/p>\n\n\n\n<p>Omfattande \u00e5rsrapport av gemensam \u00f6vervakning av havsomr\u00e5det utanf\u00f6r Borg\u00e5 2023 &#8211; vattenkvalitetsresultat, fiskeri, bottendjur\u00a0\u00a0<\/p>\n\n\n\n<div data-wp-interactive=\"core\/file\" class=\"wp-block-file\"><object data-wp-bind--hidden=\"!state.hasPdfPreview\" hidden class=\"wp-block-file__embed\" data=\"https:\/\/spjutsund.fi\/wp-content\/uploads\/2024\/11\/Porvoo_2023_raportti_LAAJA_liitteineen.pdf\" type=\"application\/pdf\" style=\"width:100%;height:600px\" aria-label=\"Inb\u00e4ddning av Porvoo_2023_raportti_LAAJA_liitteineen.\"><\/object><a id=\"wp-block-file--media-3ee9964a-e7c1-459e-8593-c51b1d4bc96e\" href=\"https:\/\/spjutsund.fi\/wp-content\/uploads\/2024\/11\/Porvoo_2023_raportti_LAAJA_liitteineen.pdf\">Porvoo_2023_raportti_LAAJA_liitteineen<\/a><a href=\"https:\/\/spjutsund.fi\/wp-content\/uploads\/2024\/11\/Porvoo_2023_raportti_LAAJA_liitteineen.pdf\" class=\"wp-block-file__button wp-element-button\" download aria-describedby=\"wp-block-file--media-3ee9964a-e7c1-459e-8593-c51b1d4bc96e\">Ladda ner<\/a><\/div>\n","protected":false},"excerpt":{"rendered":"<p>H\u00e4r publiceras rapporter och meddelanden fr\u00e5n myndigheter och andra instanser, vilka p\u00e5 n\u00e5got s\u00e4tt ber\u00f6r Del\u00e4garlaget eller som annars kan vara intressanta f\u00f6r del\u00e4garna. Kymijoen vesi- ja ymp\u00e4rist\u00f6 Omfattande \u00e5rsrapport av gemensam \u00f6vervakning av havsomr\u00e5det utanf\u00f6r Borg\u00e5 2023 &#8211; vattenkvalitetsresultat, fiskeri, bottendjur\u00a0\u00a0<\/p>\n","protected":false},"author":1,"featured_media":0,"parent":136,"menu_order":0,"comment_status":"closed","ping_status":"closed","template":"","meta":{"footnotes":""},"class_list":["post-201","page","type-page","status-publish","hentry"],"_links":{"self":[{"href":"https:\/\/spjutsund.fi\/index.php\/wp-json\/wp\/v2\/pages\/201","targetHints":{"allow":["GET"]}}],"collection":[{"href":"https:\/\/spjutsund.fi\/index.php\/wp-json\/wp\/v2\/pages"}],"about":[{"href":"https:\/\/spjutsund.fi\/index.php\/wp-json\/wp\/v2\/types\/page"}],"author":[{"embeddable":true,"href":"https:\/\/spjutsund.fi\/index.php\/wp-json\/wp\/v2\/users\/1"}],"replies":[{"embeddable":true,"href":"https:\/\/spjutsund.fi\/index.php\/wp-json\/wp\/v2\/comments?post=201"}],"version-history":[{"count":1,"href":"https:\/\/spjutsund.fi\/index.php\/wp-json\/wp\/v2\/pages\/201\/revisions"}],"predecessor-version":[{"id":202,"href":"https:\/\/spjutsund.fi\/index.php\/wp-json\/wp\/v2\/pages\/201\/revisions\/202"}],"up":[{"embeddable":true,"href":"https:\/\/spjutsund.fi\/index.php\/wp-json\/wp\/v2\/pages\/136"}],"wp:attachment":[{"href":"https:\/\/spjutsund.fi\/index.php\/wp-json\/wp\/v2\/media?parent=201"}],"curies":[{"name":"wp","href":"https:\/\/api.w.org\/{rel}","templated":true}]}}