{"id":260,"date":"2025-09-01T15:20:24","date_gmt":"2025-09-01T12:20:24","guid":{"rendered":"https:\/\/spjutsund.fi\/index.php\/suomi\/"},"modified":"2026-04-20T19:25:37","modified_gmt":"2026-04-20T16:25:37","slug":"suomi","status":"publish","type":"page","link":"https:\/\/spjutsund.fi\/index.php\/fi\/suomi\/","title":{"rendered":"Tervetuloa"},"content":{"rendered":"\n<figure class=\"wp-block-image size-full is-resized\"><img loading=\"lazy\" decoding=\"async\" width=\"521\" height=\"63\" src=\"https:\/\/spjutsund.fi\/wp-content\/uploads\/2024\/11\/Spjutsund-logo.jpeg\" alt=\"\" class=\"wp-image-205\" style=\"width:620px;height:auto\" srcset=\"https:\/\/spjutsund.fi\/wp-content\/uploads\/2024\/11\/Spjutsund-logo.jpeg 521w, https:\/\/spjutsund.fi\/wp-content\/uploads\/2024\/11\/Spjutsund-logo-300x36.jpeg 300w\" sizes=\"auto, (max-width: 521px) 100vw, 521px\" \/><\/figure>\n\n\n\n<figure class=\"wp-block-image size-large\"><img loading=\"lazy\" decoding=\"async\" width=\"1024\" height=\"768\" src=\"https:\/\/spjutsund.fi\/wp-content\/uploads\/2024\/09\/20240813_120311-1024x768.jpg\" alt=\"\" class=\"wp-image-15\" srcset=\"https:\/\/spjutsund.fi\/wp-content\/uploads\/2024\/09\/20240813_120311-1024x768.jpg 1024w, https:\/\/spjutsund.fi\/wp-content\/uploads\/2024\/09\/20240813_120311-300x225.jpg 300w, https:\/\/spjutsund.fi\/wp-content\/uploads\/2024\/09\/20240813_120311-768x576.jpg 768w, https:\/\/spjutsund.fi\/wp-content\/uploads\/2024\/09\/20240813_120311-1536x1152.jpg 1536w, https:\/\/spjutsund.fi\/wp-content\/uploads\/2024\/09\/20240813_120311-2048x1536.jpg 2048w\" sizes=\"auto, (max-width: 1024px) 100vw, 1024px\" \/><\/figure>\n\n\n\n<p><strong>Osakaskunnan nimi <\/strong>: Spjutsunds Del\u00e4garlag <\/p>\n\n\n\n<p><strong>Rekisterinumero<\/strong>: 2030116-9<\/p>\n\n\n\n<p><strong>Kotipaikka<\/strong>: Sibbo<\/p>\n\n\n\n<p><strong>Kunta<\/strong>: Sipoon kunta<\/p>\n\n\n\n<p><strong>Kiinteist\u00f6nmero<\/strong>: 753-430-876-2<\/p>\n\n\n\n<p>Osakaskunnan vesialue on kooltaan 870 hehtaaria ja sen alue on merkitty alla oleviin karttoihin. Osakaskunnan yhteisalueeseen kuuluu my\u00f6s j\u00e4tt\u00f6maata ja muita samalla kiinteist\u00f6numerolla olevia alueita.<\/p>\n\n\n\n<p><\/p>\n\n\n\n<figure class=\"wp-block-image size-full\"><img loading=\"lazy\" decoding=\"async\" width=\"12480\" height=\"9024\" src=\"https:\/\/spjutsund.fi\/wp-content\/uploads\/2024\/09\/Spjutsunds-Delagarlag-norra-delen.jpg\" alt=\"\" class=\"wp-image-19\"\/><\/figure>\n\n\n\n<figure class=\"wp-block-image size-full\"><img loading=\"lazy\" decoding=\"async\" width=\"12464\" height=\"7792\" src=\"https:\/\/spjutsund.fi\/wp-content\/uploads\/2024\/09\/Spjutsunds-Delagarlag-sodra-delen-1.jpg\" alt=\"\" class=\"wp-image-18\"\/><\/figure>\n\n\n\n<figure class=\"wp-block-image size-large\"><img loading=\"lazy\" decoding=\"async\" width=\"1024\" height=\"731\" src=\"https:\/\/spjutsund.fi\/wp-content\/uploads\/2024\/09\/Korpholmen-1024x731.jpg\" alt=\"\" class=\"wp-image-13\" srcset=\"https:\/\/spjutsund.fi\/wp-content\/uploads\/2024\/09\/Korpholmen-1024x731.jpg 1024w, https:\/\/spjutsund.fi\/wp-content\/uploads\/2024\/09\/Korpholmen-300x214.jpg 300w, https:\/\/spjutsund.fi\/wp-content\/uploads\/2024\/09\/Korpholmen-768x549.jpg 768w, https:\/\/spjutsund.fi\/wp-content\/uploads\/2024\/09\/Korpholmen-1536x1097.jpg 1536w, https:\/\/spjutsund.fi\/wp-content\/uploads\/2024\/09\/Korpholmen-2048x1463.jpg 2048w\" sizes=\"auto, (max-width: 1024px) 100vw, 1024px\" \/><\/figure>\n\n\n\n<p><strong>Osakaskunnan teht\u00e4v\u00e4t<\/strong><\/p>\n\n\n\n<p>Osakaskunnan teht\u00e4v\u00e4n\u00e4 on huolehtia yhteisen alueen hallinnosta ja muista siihen liittyvist\u00e4 asioista.<\/p>\n\n\n\n<p>Osakaskunnan tulee alueellaan j\u00e4rjest\u00e4\u00e4 kalastus Porvoon-Sipoon kalatalousalueen k\u00e4ytt\u00f6- ja hoitosuunnitelman mukaisesti siten, ett\u00e4 kalavarojen tuotto on kest\u00e4v\u00e4\u00e4 ja monipuolista, sek\u00e4 ett\u00e4 kalakantojen luonnollinen elinkaari, kalakantojen ja muun luonnon monimuotoisuus turvataan.<\/p>\n\n\n\n<p><strong>Mik\u00e4 on osakaskunta \u2013 mit\u00e4 tarkoittaa olla osakas?<\/strong><\/p>\n\n\n\n<p>Suomen vesialueet voidaan omistussuhteiden perusteella jakaa kolmeen ryhm\u00e4\u00e4n:<\/p>\n\n\n\n<ul class=\"wp-block-list\">\n<li>yhteisiin vesiin, joita hallinnoivat osakaskunnat<\/li>\n\n\n\n<li>yksityisiin vesiin<\/li>\n\n\n\n<li>ja valtiolle kuuluviin yleisiin vesiin.<\/li>\n<\/ul>\n\n\n\n<p>Yhteisell\u00e4 alueella on osakaskiinteist\u00f6j\u00e4, ja niiden omistajat muodostavat osakaskunnan. Perustetulla osakaskunnalla on vahvistetut s\u00e4\u00e4nn\u00f6t. Yhteisen alueen k\u00e4ytt\u00f6\u00e4, hallintoa ja muita sit\u00e4 koskevia asioita k\u00e4sitell\u00e4\u00e4n ja p\u00e4\u00e4tet\u00e4\u00e4n osakaskunnan kokouksissa.<\/p>\n\n\n\n<p>K\u00e4yt\u00e4nn\u00f6ss\u00e4 t\u00e4m\u00e4 tarkoittaa, ett\u00e4 jokainen kiinteist\u00f6nomistaja, jonka kiinteist\u00f6 kiinteist\u00f6rekisteriss\u00e4 kuuluu Spjutsundin osakaskuntaan, on osakas. Vesi ei kuitenkaan ole yksityist\u00e4, vaan se on osakaskunnan omistuksessa, hallinnassa ja valvonnassa.<\/p>\n\n\n\n<p><strong>Osakkaiden oikeudet ja velvollisuudet<\/strong><\/p>\n\n\n\n<p>Osakkaiden oikeuksia ja velvollisuuksia koskien kalastusta, ruoppausta, rannan k\u00e4ytt\u00f6\u00e4, kaapelien ja putkien vet\u00e4mist\u00e4 ym., k\u00e4sitell\u00e4\u00e4n tarkemmin erillisiss\u00e4 otsikoissa sivun yl\u00e4osassa.<\/p>\n\n\n\n<p><strong>Lakiviittaus<\/strong><\/p>\n\n\n\n<p>N\u00e4in sanoo voimassa oleva laki yhteisaluelain (Laki yhteisalueista).<\/p>\n\n\n\n<h4 class=\"wp-block-heading\" id=\"sec_3__subsec_1\">3 \u00a7&nbsp;<a href=\"https:\/\/www.finlex.fi\/fi\/lainsaadanto\/1989\/758#entryIntoForce_20000686\">(14.7.2000\/686)<\/a><\/h4>\n\n\n\n<p>Yhteisen alueen tai yhteisen erityisen etuuden osakkaita ovat kiinteist\u00f6jen omistajat. Osakkaat muodostavat osakaskunnan. Kalastuslaissa&nbsp;<a href=\"https:\/\/www.finlex.fi\/fi\/lainsaadanto\/1982\/286\">(286\/1982)<\/a>&nbsp;tarkoitettuna kalastuskuntana toimii t\u00e4m\u00e4n lain mukainen osakaskunta. Milloin osakaskiinteist\u00f6ill\u00e4 on useita omistajia, pidet\u00e4\u00e4n n\u00e4it\u00e4 yhdess\u00e4 t\u00e4m\u00e4n lain tarkoittamana omistajana. Osakaskiinteist\u00f6n yhteisomistajaan sovelletaan osakasta koskevia s\u00e4\u00e4nn\u00f6ksi\u00e4 vain, jos j\u00e4ljemp\u00e4n\u00e4 niin s\u00e4\u00e4det\u00e4\u00e4n.&nbsp;<a href=\"https:\/\/www.finlex.fi\/fi\/lainsaadanto\/1989\/758#entryIntoForce_20110915\">(22.7.2011\/915)<\/a><\/p>\n\n\n\n<p>Jos koskitilan alueella omistajan ohella my\u00f6s muilla on kalastusoikeus, heid\u00e4n katsotaan muodostavan yhdess\u00e4 omistajan kanssa erityisen etuuden osakaskunnan, jossa osakkuudet m\u00e4\u00e4r\u00e4ytyv\u00e4t sen mukaan kuin kullakin on kalastusoikeutta.<\/p>\n\n\n\n<h4 class=\"wp-block-heading\" id=\"sec_4__subsec_1\">4 \u00a7<\/h4>\n\n\n\n<p>Osakaskunnan teht\u00e4v\u00e4n\u00e4 on huolehtia yhteisen alueen tai yhteisen erityisen etuuden hallinnosta ja aluetta tai etuutta koskevien muiden asioiden hoidosta.<\/p>\n\n\n\n<p>Osakaskunnan toimintaa varten voidaan osakaskunnalle hyv\u00e4ksy\u00e4 ja vahvistaa s\u00e4\u00e4nn\u00f6t (<em>j\u00e4rjest\u00e4ytynyt osakaskunta<\/em>).&nbsp;<a href=\"https:\/\/www.finlex.fi\/fi\/lainsaadanto\/1989\/758#entryIntoForce_20110915\">(22.7.2011\/915)<\/a><\/p>\n\n\n\n<h4 class=\"wp-block-heading\" id=\"sec_5__subsec_1\"><\/h4>\n\n\n\n<p><\/p>\n","protected":false},"excerpt":{"rendered":"<p>Osakaskunnan nimi : Spjutsunds Del\u00e4garlag Rekisterinumero: 2030116-9 Kotipaikka: Sibbo Kunta: Sipoon kunta Kiinteist\u00f6nmero: 753-430-876-2 Osakaskunnan vesialue on kooltaan 870 hehtaaria ja sen alue on merkitty alla oleviin karttoihin. Osakaskunnan yhteisalueeseen kuuluu my\u00f6s j\u00e4tt\u00f6maata ja muita samalla kiinteist\u00f6numerolla olevia alueita. Osakaskunnan teht\u00e4v\u00e4t Osakaskunnan teht\u00e4v\u00e4n\u00e4 on huolehtia yhteisen alueen hallinnosta ja muista siihen liittyvist\u00e4 asioista. Osakaskunnan tulee [&hellip;]<\/p>\n","protected":false},"author":2,"featured_media":0,"parent":0,"menu_order":0,"comment_status":"closed","ping_status":"closed","template":"","meta":{"footnotes":""},"class_list":["post-260","page","type-page","status-publish","hentry"],"_links":{"self":[{"href":"https:\/\/spjutsund.fi\/index.php\/wp-json\/wp\/v2\/pages\/260","targetHints":{"allow":["GET"]}}],"collection":[{"href":"https:\/\/spjutsund.fi\/index.php\/wp-json\/wp\/v2\/pages"}],"about":[{"href":"https:\/\/spjutsund.fi\/index.php\/wp-json\/wp\/v2\/types\/page"}],"author":[{"embeddable":true,"href":"https:\/\/spjutsund.fi\/index.php\/wp-json\/wp\/v2\/users\/2"}],"replies":[{"embeddable":true,"href":"https:\/\/spjutsund.fi\/index.php\/wp-json\/wp\/v2\/comments?post=260"}],"version-history":[{"count":5,"href":"https:\/\/spjutsund.fi\/index.php\/wp-json\/wp\/v2\/pages\/260\/revisions"}],"predecessor-version":[{"id":336,"href":"https:\/\/spjutsund.fi\/index.php\/wp-json\/wp\/v2\/pages\/260\/revisions\/336"}],"wp:attachment":[{"href":"https:\/\/spjutsund.fi\/index.php\/wp-json\/wp\/v2\/media?parent=260"}],"curies":[{"name":"wp","href":"https:\/\/api.w.org\/{rel}","templated":true}]}}