{"id":293,"date":"2026-02-23T12:43:11","date_gmt":"2026-02-23T09:43:11","guid":{"rendered":"https:\/\/spjutsund.fi\/?page_id=293"},"modified":"2026-04-28T15:37:52","modified_gmt":"2026-04-28T12:37:52","slug":"kokoukset-ja-hallinto","status":"publish","type":"page","link":"https:\/\/spjutsund.fi\/index.php\/fi\/suomi\/kokoukset-ja-hallinto\/","title":{"rendered":"Kokoukset ja hallinto"},"content":{"rendered":"\n<figure class=\"wp-block-image size-full\"><img loading=\"lazy\" decoding=\"async\" width=\"415\" height=\"251\" src=\"https:\/\/spjutsund.fi\/wp-content\/uploads\/2024\/11\/Mote.jpg\" alt=\"\" class=\"wp-image-129\" srcset=\"https:\/\/spjutsund.fi\/wp-content\/uploads\/2024\/11\/Mote.jpg 415w, https:\/\/spjutsund.fi\/wp-content\/uploads\/2024\/11\/Mote-300x181.jpg 300w\" sizes=\"auto, (max-width: 415px) 100vw, 415px\" \/><\/figure>\n\n\n\n<p>Spjutsundin Osakaskunta ( virallisesti Spjutsunds Del\u00e4garlag ) kokoontui varsinaiseen vuosikokoukseen 26. huhtikuuta 2026 klo 17.00, Byarsborg, Spjutsund<\/p>\n\n\n\n<p>Kokous on korkein p\u00e4\u00e4tt\u00e4v\u00e4 elin, joka valitsee vuosittain puheenjohtajan ja hallituksen j\u00e4senet s\u00e4\u00e4nt\u00f6jen mukaisesti.<\/p>\n\n\n\n<p>Jokaisella osakkaallaon oikeus olla l\u00e4sn\u00e4 ja \u00e4\u00e4nest\u00e4\u00e4 kokouksessa, mutta heid\u00e4n tulee pysty\u00e4 todistamaan henkil\u00f6llisyytens\u00e4 ja yhteisomistuksensa eli ett\u00e4 henkil\u00f6 on laillinen omistaja omaisuudelle, jota he haluavat edustaa kokouksessa.<\/p>\n\n\n\n<p>Osakaskunnan kokous- ja p\u00f6yt\u00e4kirjakieli on ruotsi, mutta jokainen yhti\u00f6mies voi puhua suomea ja pyrimme tarjoamaan kaikki saatavilla olevat tiedot suomeksi, lukuun ottamatta s\u00e4\u00e4nt\u00f6j\u00e4 ja p\u00f6yt\u00e4kirjoja.<\/p>\n\n\n\n<p>Osakaskunnan hallitus, joka valitaan kokouksessa, kokoontuu tarvittaessa puheenjohtajan tai varapuheenjohtajan kutsusta ja voi pit\u00e4\u00e4 kokouksia my\u00f6s et\u00e4n\u00e4, eli videoneuvottelutekniikan avulla.<\/p>\n","protected":false},"excerpt":{"rendered":"<p>Spjutsundin Osakaskunta ( virallisesti Spjutsunds Del\u00e4garlag ) kokoontui varsinaiseen vuosikokoukseen 26. huhtikuuta 2026 klo 17.00, Byarsborg, Spjutsund Kokous on korkein p\u00e4\u00e4tt\u00e4v\u00e4 elin, joka valitsee vuosittain puheenjohtajan ja hallituksen j\u00e4senet s\u00e4\u00e4nt\u00f6jen mukaisesti. Jokaisella osakkaallaon oikeus olla l\u00e4sn\u00e4 ja \u00e4\u00e4nest\u00e4\u00e4 kokouksessa, mutta heid\u00e4n tulee pysty\u00e4 todistamaan henkil\u00f6llisyytens\u00e4 ja yhteisomistuksensa eli ett\u00e4 henkil\u00f6 on laillinen omistaja omaisuudelle, jota [&hellip;]<\/p>\n","protected":false},"author":1,"featured_media":0,"parent":260,"menu_order":1,"comment_status":"closed","ping_status":"closed","template":"","meta":{"footnotes":""},"class_list":["post-293","page","type-page","status-publish","hentry"],"_links":{"self":[{"href":"https:\/\/spjutsund.fi\/index.php\/wp-json\/wp\/v2\/pages\/293","targetHints":{"allow":["GET"]}}],"collection":[{"href":"https:\/\/spjutsund.fi\/index.php\/wp-json\/wp\/v2\/pages"}],"about":[{"href":"https:\/\/spjutsund.fi\/index.php\/wp-json\/wp\/v2\/types\/page"}],"author":[{"embeddable":true,"href":"https:\/\/spjutsund.fi\/index.php\/wp-json\/wp\/v2\/users\/1"}],"replies":[{"embeddable":true,"href":"https:\/\/spjutsund.fi\/index.php\/wp-json\/wp\/v2\/comments?post=293"}],"version-history":[{"count":2,"href":"https:\/\/spjutsund.fi\/index.php\/wp-json\/wp\/v2\/pages\/293\/revisions"}],"predecessor-version":[{"id":342,"href":"https:\/\/spjutsund.fi\/index.php\/wp-json\/wp\/v2\/pages\/293\/revisions\/342"}],"up":[{"embeddable":true,"href":"https:\/\/spjutsund.fi\/index.php\/wp-json\/wp\/v2\/pages\/260"}],"wp:attachment":[{"href":"https:\/\/spjutsund.fi\/index.php\/wp-json\/wp\/v2\/media?parent=293"}],"curies":[{"name":"wp","href":"https:\/\/api.w.org\/{rel}","templated":true}]}}