{"id":303,"date":"2026-02-23T14:17:13","date_gmt":"2026-02-23T11:17:13","guid":{"rendered":"https:\/\/spjutsund.fi\/?page_id=303"},"modified":"2026-02-23T14:25:42","modified_gmt":"2026-02-23T11:25:42","slug":"kalastuskielto-15-5-15-6-2026","status":"publish","type":"page","link":"https:\/\/spjutsund.fi\/index.php\/fi\/kalastuskielto-15-5-15-6-2026\/","title":{"rendered":"Kalastuskielto 15.5 &#8211; 15.6.2026"},"content":{"rendered":"\n<p>Kaikenlainen kalastus, paitsi onkiminen kelattomalla onkivavalla sek\u00e4 pilkkiminen, on kielletty punaisella merkityll\u00e4 alueella. <\/p>\n\n\n\n<p>Kielto koskee kaikkia, my\u00f6s osakkaita! <\/p>\n\n\n\n<figure class=\"wp-block-image size-full\"><img loading=\"lazy\" decoding=\"async\" width=\"645\" height=\"537\" src=\"https:\/\/spjutsund.fi\/wp-content\/uploads\/2024\/11\/Fiskeforbudsomrade-Siverfjarden.jpeg\" alt=\"\" class=\"wp-image-171\" srcset=\"https:\/\/spjutsund.fi\/wp-content\/uploads\/2024\/11\/Fiskeforbudsomrade-Siverfjarden.jpeg 645w, https:\/\/spjutsund.fi\/wp-content\/uploads\/2024\/11\/Fiskeforbudsomrade-Siverfjarden-300x250.jpeg 300w\" sizes=\"auto, (max-width: 645px) 100vw, 645px\" \/><\/figure>\n\n\n\n<p>Kiellon tarkoitus on turvata kalojen kutua ja perustuu Elinvoimakeskuksen p\u00e4\u00e4t\u00f6kseen (entinen ELY-keskus).<\/p>\n\n\n\n<p>Kieltoa valvoo sek\u00e4 viranomaiset (Poliisi, Rajavartiolaitos, Elinvoimakeskus) sek\u00e4 alueen kalastuksenvalvojat. <\/p>\n\n\n\n<p><\/p>\n","protected":false},"excerpt":{"rendered":"<p>Kaikenlainen kalastus, paitsi onkiminen kelattomalla onkivavalla sek\u00e4 pilkkiminen, on kielletty punaisella merkityll\u00e4 alueella. Kielto koskee kaikkia, my\u00f6s osakkaita! Kiellon tarkoitus on turvata kalojen kutua ja perustuu Elinvoimakeskuksen p\u00e4\u00e4t\u00f6kseen (entinen ELY-keskus). Kieltoa valvoo sek\u00e4 viranomaiset (Poliisi, Rajavartiolaitos, Elinvoimakeskus) sek\u00e4 alueen kalastuksenvalvojat.<\/p>\n","protected":false},"author":1,"featured_media":0,"parent":0,"menu_order":0,"comment_status":"closed","ping_status":"closed","template":"","meta":{"footnotes":""},"class_list":["post-303","page","type-page","status-publish","hentry"],"_links":{"self":[{"href":"https:\/\/spjutsund.fi\/index.php\/wp-json\/wp\/v2\/pages\/303","targetHints":{"allow":["GET"]}}],"collection":[{"href":"https:\/\/spjutsund.fi\/index.php\/wp-json\/wp\/v2\/pages"}],"about":[{"href":"https:\/\/spjutsund.fi\/index.php\/wp-json\/wp\/v2\/types\/page"}],"author":[{"embeddable":true,"href":"https:\/\/spjutsund.fi\/index.php\/wp-json\/wp\/v2\/users\/1"}],"replies":[{"embeddable":true,"href":"https:\/\/spjutsund.fi\/index.php\/wp-json\/wp\/v2\/comments?post=303"}],"version-history":[{"count":3,"href":"https:\/\/spjutsund.fi\/index.php\/wp-json\/wp\/v2\/pages\/303\/revisions"}],"predecessor-version":[{"id":308,"href":"https:\/\/spjutsund.fi\/index.php\/wp-json\/wp\/v2\/pages\/303\/revisions\/308"}],"wp:attachment":[{"href":"https:\/\/spjutsund.fi\/index.php\/wp-json\/wp\/v2\/media?parent=303"}],"curies":[{"name":"wp","href":"https:\/\/api.w.org\/{rel}","templated":true}]}}