{"id":311,"date":"2026-02-23T14:28:23","date_gmt":"2026-02-23T11:28:23","guid":{"rendered":"https:\/\/spjutsund.fi\/?page_id=311"},"modified":"2026-04-20T19:26:38","modified_gmt":"2026-04-20T16:26:38","slug":"kokouskutsu","status":"publish","type":"page","link":"https:\/\/spjutsund.fi\/index.php\/fi\/pyydysmerkkien-myynti\/kokouskutsu\/","title":{"rendered":"Kokouskutsu"},"content":{"rendered":"\n<p><strong>Osakaskunnan vuosikokous 26.4. 2026 klo 17.00<\/strong><\/p>\n\n\n\n<p>Byarsborg, Storuddintie 20, Spjutsund<\/p>\n\n\n\n<p>Kokous on ruotsinkielinen mutta suomenkielt\u00e4 voi k\u00e4ytt\u00e4\u00e4 kokouksessa.<\/p>\n\n\n\n<p>P\u00f6yt\u00e4kirja ja muut dokumentit ovat ruotsin kielell\u00e4.<\/p>\n\n\n\n<p>Esityslista:<\/p>\n\n\n\n<p>1. St\u00e4mman \u00f6ppnas<\/p>\n\n\n\n<p>2. Val av ordf\u00f6rande f\u00f6r st\u00e4mman<\/p>\n\n\n\n<p>3. Val av sekreterare f\u00f6r st\u00e4mman<\/p>\n\n\n\n<p>4. Val av protokolljusterare och r\u00f6str\u00e4knare&nbsp;<\/p>\n\n\n\n<p>5. Konstaterande av kallelse till st\u00e4mman och beslutsf\u00f6rhet<\/p>\n\n\n\n<p>6. Konstaterande av n\u00e4rvarande och representerade del\u00e4gare i del\u00e4garlaget, deras r\u00f6stm\u00e4ngd, beslut om r\u00f6stningsf\u00f6rfarande och godk\u00e4nnande av r\u00f6stl\u00e4ngd (beaktande den maximala r\u00f6stm\u00e4ngden)<\/p>\n\n\n\n<p>7. Godk\u00e4nnande av f\u00f6redragningslistan samt var och n\u00e4r protokollet finns till p\u00e5seende&nbsp;<\/p>\n\n\n\n<p>8. Styrelsens redog\u00f6relse f\u00f6r verksamheten \u00e5r 2025<\/p>\n\n\n\n<p>9. Bokslut och balansr\u00e4kning samt verksamhetsgranskarens verksamhetsgranskarnas utl\u00e5tande g\u00e4llande del\u00e4garlagets allm\u00e4nna f\u00f6rvaltning och ekonomif\u00f6rvaltning&nbsp;<\/p>\n\n\n\n<p>10. Fastst\u00e4llande av bokslutet och beviljande av ansvarsfrihet f\u00f6r styrelsen och \u00f6vriga redovisningsskyldiga<\/p>\n\n\n\n<p>11. Godk\u00e4nnande av verksamhetsplan samt budget f\u00f6r innevarande \u00e5r<\/p>\n\n\n\n<p>12. Beslut om:<\/p>\n\n\n\n<ul class=\"wp-block-list\">\n<li><em>del\u00e4garnas redskapsenhetsavgifter och den tid beslutet \u00e4r i kraft<\/em><\/li>\n\n\n\n<li><em>f\u00f6rs\u00e4ljningstidpunkter och f\u00f6rs\u00e4ljningss\u00e4tt &nbsp;&nbsp;<\/em><\/li>\n\n\n\n<li><em>\u00f6vriga fisketillst\u00e5nd&nbsp;&nbsp;<\/em><\/li>\n\n\n\n<li><em>jakt p\u00e5 de samf\u00e4llda omr\u00e5dena<\/em><\/li>\n\n\n\n<li><em>avgifterna f\u00f6r \u00e5tg\u00e4rdstillst\u00e5nd<\/em><\/li>\n<\/ul>\n\n\n\n<p>13. Beslut om fiskev\u00e5rd<\/p>\n\n\n\n<p>14. Beslut om ordf\u00f6randes, styrelsemedlemmars och \u00f6vriga funktion\u00e4rers arvoden&nbsp;<\/p>\n\n\n\n<p>15. Val av fiske\u00f6vervakare<\/p>\n\n\n\n<p>17. Val av 4 styrelsemedlemmar och suppleanter<\/p>\n\n\n\n<p>18. Val verksamhetsgranskare<\/p>\n\n\n\n<p>19. Val av del\u00e4garlagets representanter till m\u00f6ten och f\u00f6rvaltningsorgan\u00a0<\/p>\n\n\n\n<p>20. \u00d6vriga \u00e4renden<\/p>\n\n\n\n<p>21. St\u00e4mman avslutas<\/p>\n\n\n\n<p><\/p>\n","protected":false},"excerpt":{"rendered":"<p>Osakaskunnan vuosikokous 26.4. 2026 klo 17.00 Byarsborg, Storuddintie 20, Spjutsund Kokous on ruotsinkielinen mutta suomenkielt\u00e4 voi k\u00e4ytt\u00e4\u00e4 kokouksessa. P\u00f6yt\u00e4kirja ja muut dokumentit ovat ruotsin kielell\u00e4. Esityslista: 1. St\u00e4mman \u00f6ppnas 2. Val av ordf\u00f6rande f\u00f6r st\u00e4mman 3. Val av sekreterare f\u00f6r st\u00e4mman 4. Val av protokolljusterare och r\u00f6str\u00e4knare&nbsp; 5. Konstaterande av kallelse till st\u00e4mman och beslutsf\u00f6rhet [&hellip;]<\/p>\n","protected":false},"author":1,"featured_media":0,"parent":299,"menu_order":0,"comment_status":"closed","ping_status":"closed","template":"","meta":{"footnotes":""},"class_list":["post-311","page","type-page","status-publish","hentry"],"_links":{"self":[{"href":"https:\/\/spjutsund.fi\/index.php\/wp-json\/wp\/v2\/pages\/311","targetHints":{"allow":["GET"]}}],"collection":[{"href":"https:\/\/spjutsund.fi\/index.php\/wp-json\/wp\/v2\/pages"}],"about":[{"href":"https:\/\/spjutsund.fi\/index.php\/wp-json\/wp\/v2\/types\/page"}],"author":[{"embeddable":true,"href":"https:\/\/spjutsund.fi\/index.php\/wp-json\/wp\/v2\/users\/1"}],"replies":[{"embeddable":true,"href":"https:\/\/spjutsund.fi\/index.php\/wp-json\/wp\/v2\/comments?post=311"}],"version-history":[{"count":4,"href":"https:\/\/spjutsund.fi\/index.php\/wp-json\/wp\/v2\/pages\/311\/revisions"}],"predecessor-version":[{"id":337,"href":"https:\/\/spjutsund.fi\/index.php\/wp-json\/wp\/v2\/pages\/311\/revisions\/337"}],"up":[{"embeddable":true,"href":"https:\/\/spjutsund.fi\/index.php\/wp-json\/wp\/v2\/pages\/299"}],"wp:attachment":[{"href":"https:\/\/spjutsund.fi\/index.php\/wp-json\/wp\/v2\/media?parent=311"}],"curies":[{"name":"wp","href":"https:\/\/api.w.org\/{rel}","templated":true}]}}