{"id":322,"date":"2026-02-25T16:24:18","date_gmt":"2026-02-25T13:24:18","guid":{"rendered":"https:\/\/spjutsund.fi\/?page_id=322"},"modified":"2026-02-25T16:24:19","modified_gmt":"2026-02-25T13:24:19","slug":"ruoppaus","status":"publish","type":"page","link":"https:\/\/spjutsund.fi\/index.php\/fi\/ruoppaus\/","title":{"rendered":"Ruoppaus"},"content":{"rendered":"\n<figure class=\"wp-block-image size-full\"><img loading=\"lazy\" decoding=\"async\" width=\"418\" height=\"251\" src=\"https:\/\/spjutsund.fi\/wp-content\/uploads\/2024\/10\/Muddring.jpg\" alt=\"\" class=\"wp-image-104\" srcset=\"https:\/\/spjutsund.fi\/wp-content\/uploads\/2024\/10\/Muddring.jpg 418w, https:\/\/spjutsund.fi\/wp-content\/uploads\/2024\/10\/Muddring-300x180.jpg 300w\" sizes=\"auto, (max-width: 418px) 100vw, 418px\" \/><\/figure>\n\n\n\n<p>On yleist\u00e4 teett\u00e4\u00e4 ruoppausty\u00f6t\u00e4 oman rannan ulkopuolella, joko syvemm\u00e4n veneen laituriin kiinnitt\u00e4miseksi tai rannan k\u00e4ytt\u00e4j\u00e4yst\u00e4v\u00e4llisemm\u00e4ksi tekemiseksi ruoppaamalla ja kaivamalla pois kaislajuuret ja kivet. Ruoppaus on usein tarpeen, kun halutaan k\u00e4ytt\u00e4\u00e4 j\u00e4tt\u00f6maata.<\/p>\n\n\n\n<p>Osakaskunta tekee joskus my\u00f6s omia ruoppaust\u00f6it\u00e4 kalastusreittien turvaamiseksi tai kalojen kutuymp\u00e4rist\u00f6jen parantamiseksi.<\/p>\n\n\n\n<p>Kaikki t\u00e4llaiset ty\u00f6t vaativat osakaskunnan lupaa luvan ja my\u00f6s viranomaisten luvan (katso linkit alla).<\/p>\n\n\n\n<p>Pelkk\u00e4 ilmoittaminen ei siis riit\u00e4!<\/p>\n\n\n\n<p>Lupa on maksullinen.<\/p>\n\n\n\n<p>Osakaskunnalla ja viranomaisilla on oikeus vaatia rannan ennallistamista, my\u00f6s j\u00e4lkik\u00e4teen, tai vaatia korvausta luvattomasta ty\u00f6st\u00e4.<\/p>\n\n\n\n<p><\/p>\n","protected":false},"excerpt":{"rendered":"<p>On yleist\u00e4 teett\u00e4\u00e4 ruoppausty\u00f6t\u00e4 oman rannan ulkopuolella, joko syvemm\u00e4n veneen laituriin kiinnitt\u00e4miseksi tai rannan k\u00e4ytt\u00e4j\u00e4yst\u00e4v\u00e4llisemm\u00e4ksi tekemiseksi ruoppaamalla ja kaivamalla pois kaislajuuret ja kivet. Ruoppaus on usein tarpeen, kun halutaan k\u00e4ytt\u00e4\u00e4 j\u00e4tt\u00f6maata. Osakaskunta tekee joskus my\u00f6s omia ruoppaust\u00f6it\u00e4 kalastusreittien turvaamiseksi tai kalojen kutuymp\u00e4rist\u00f6jen parantamiseksi. Kaikki t\u00e4llaiset ty\u00f6t vaativat osakaskunnan lupaa luvan ja my\u00f6s viranomaisten luvan (katso [&hellip;]<\/p>\n","protected":false},"author":1,"featured_media":0,"parent":0,"menu_order":5,"comment_status":"closed","ping_status":"closed","template":"","meta":{"footnotes":""},"class_list":["post-322","page","type-page","status-publish","hentry"],"_links":{"self":[{"href":"https:\/\/spjutsund.fi\/index.php\/wp-json\/wp\/v2\/pages\/322","targetHints":{"allow":["GET"]}}],"collection":[{"href":"https:\/\/spjutsund.fi\/index.php\/wp-json\/wp\/v2\/pages"}],"about":[{"href":"https:\/\/spjutsund.fi\/index.php\/wp-json\/wp\/v2\/types\/page"}],"author":[{"embeddable":true,"href":"https:\/\/spjutsund.fi\/index.php\/wp-json\/wp\/v2\/users\/1"}],"replies":[{"embeddable":true,"href":"https:\/\/spjutsund.fi\/index.php\/wp-json\/wp\/v2\/comments?post=322"}],"version-history":[{"count":1,"href":"https:\/\/spjutsund.fi\/index.php\/wp-json\/wp\/v2\/pages\/322\/revisions"}],"predecessor-version":[{"id":323,"href":"https:\/\/spjutsund.fi\/index.php\/wp-json\/wp\/v2\/pages\/322\/revisions\/323"}],"wp:attachment":[{"href":"https:\/\/spjutsund.fi\/index.php\/wp-json\/wp\/v2\/media?parent=322"}],"curies":[{"name":"wp","href":"https:\/\/api.w.org\/{rel}","templated":true}]}}