{"id":50,"date":"2024-10-23T15:27:19","date_gmt":"2024-10-23T12:27:19","guid":{"rendered":"https:\/\/spjutsund.fi\/?page_id=50"},"modified":"2026-04-28T15:37:29","modified_gmt":"2026-04-28T12:37:29","slug":"moteskallelser","status":"publish","type":"page","link":"https:\/\/spjutsund.fi\/index.php\/spjutsunds-delagarlag-2\/moteskallelser\/","title":{"rendered":"M\u00f6ten och organisation"},"content":{"rendered":"\n<figure class=\"wp-block-image size-full\"><img loading=\"lazy\" decoding=\"async\" width=\"415\" height=\"251\" src=\"https:\/\/spjutsund.fi\/wp-content\/uploads\/2024\/11\/Mote.jpg\" alt=\"\" class=\"wp-image-129\" srcset=\"https:\/\/spjutsund.fi\/wp-content\/uploads\/2024\/11\/Mote.jpg 415w, https:\/\/spjutsund.fi\/wp-content\/uploads\/2024\/11\/Mote-300x181.jpg 300w\" sizes=\"auto, (max-width: 415px) 100vw, 415px\" \/><\/figure>\n\n\n\n<p>Spjutsunds Del\u00e4garlag sammankom till <strong>st\u00e4mma 26 april 2026 kl 17<\/strong> p\u00e5 Byarsborg, Spjutsund<\/p>\n\n\n\n<p>St\u00e4mman \u00e4r v\u00e5rth\u00f6gsta beslutande organ som \u00e5rligen v\u00e4ljer ordf\u00f6rande och styrelsemedlemmar, i enlighet med stadgarna.<\/p>\n\n\n\n<p>Varje del\u00e4gare har n\u00e4rvaro och r\u00f6str\u00e4tt p\u00e5 m\u00f6tet, men b\u00f6r kunna bestyrka sin identitet och sitt del\u00e4garskap, dvs att personen \u00e4r den juridiska \u00e4garen till den fastighet hon\/han vill representera p\u00e5 m\u00f6tet.<\/p>\n\n\n\n<p><\/p>\n\n\n\n<p>Spjutsunds Del\u00e4garlags m\u00f6tes- och protokollsspr\u00e5k \u00e4r svenska men varje del\u00e4gare f\u00e5r uttala sig p\u00e5 finska och vi str\u00e4var till att \u00e4ven ge all tillg\u00e4nglig information \u00e4ven p\u00e5 finska, utom stadgar och protokoll.<\/p>\n\n\n\n<p>Del\u00e4garlagets styrelse, som v\u00e4ljs p\u00e5 st\u00e4mman, sammantr\u00e4der vid behov, p\u00e5 kallelse av ordf\u00f6rande eller viceordf\u00f6rande och kan \u00e4ven h\u00e5lla m\u00f6ten p\u00e5 distans, dvs genom att utnyttja videom\u00f6testeknik.<\/p>\n\n\n\n<p><\/p>\n\n\n\n<p><strong>Styrelse<\/strong><\/p>\n\n\n\n<p>Thorbj\u00f6rn Sir\u00e9n, ordf\u00f6rande , 0400 614887 (kl 09:00 -19:00)<\/p>\n\n\n\n<p>Markus Raevuori, viceordf\u00f6rande<\/p>\n\n\n\n<p><\/p>\n\n\n\n<p><\/p>\n","protected":false},"excerpt":{"rendered":"<p>Spjutsunds Del\u00e4garlag sammankom till st\u00e4mma 26 april 2026 kl 17 p\u00e5 Byarsborg, Spjutsund St\u00e4mman \u00e4r v\u00e5rth\u00f6gsta beslutande organ som \u00e5rligen v\u00e4ljer ordf\u00f6rande och styrelsemedlemmar, i enlighet med stadgarna. Varje del\u00e4gare har n\u00e4rvaro och r\u00f6str\u00e4tt p\u00e5 m\u00f6tet, men b\u00f6r kunna bestyrka sin identitet och sitt del\u00e4garskap, dvs att personen \u00e4r den juridiska \u00e4garen till den fastighet [&hellip;]<\/p>\n","protected":false},"author":2,"featured_media":0,"parent":76,"menu_order":1,"comment_status":"closed","ping_status":"closed","template":"","meta":{"footnotes":""},"class_list":["post-50","page","type-page","status-publish","hentry"],"_links":{"self":[{"href":"https:\/\/spjutsund.fi\/index.php\/wp-json\/wp\/v2\/pages\/50","targetHints":{"allow":["GET"]}}],"collection":[{"href":"https:\/\/spjutsund.fi\/index.php\/wp-json\/wp\/v2\/pages"}],"about":[{"href":"https:\/\/spjutsund.fi\/index.php\/wp-json\/wp\/v2\/types\/page"}],"author":[{"embeddable":true,"href":"https:\/\/spjutsund.fi\/index.php\/wp-json\/wp\/v2\/users\/2"}],"replies":[{"embeddable":true,"href":"https:\/\/spjutsund.fi\/index.php\/wp-json\/wp\/v2\/comments?post=50"}],"version-history":[{"count":16,"href":"https:\/\/spjutsund.fi\/index.php\/wp-json\/wp\/v2\/pages\/50\/revisions"}],"predecessor-version":[{"id":341,"href":"https:\/\/spjutsund.fi\/index.php\/wp-json\/wp\/v2\/pages\/50\/revisions\/341"}],"up":[{"embeddable":true,"href":"https:\/\/spjutsund.fi\/index.php\/wp-json\/wp\/v2\/pages\/76"}],"wp:attachment":[{"href":"https:\/\/spjutsund.fi\/index.php\/wp-json\/wp\/v2\/media?parent=50"}],"curies":[{"name":"wp","href":"https:\/\/api.w.org\/{rel}","templated":true}]}}