{"id":60,"date":"2024-10-23T15:32:42","date_gmt":"2024-10-23T12:32:42","guid":{"rendered":"https:\/\/spjutsund.fi\/?page_id=60"},"modified":"2024-11-07T12:38:57","modified_gmt":"2024-11-07T09:38:57","slug":"tillandning","status":"publish","type":"page","link":"https:\/\/spjutsund.fi\/index.php\/delagarinfo\/tillandning\/","title":{"rendered":"Tillandning"},"content":{"rendered":"\n<figure class=\"wp-block-image size-full\"><img loading=\"lazy\" decoding=\"async\" width=\"333\" height=\"251\" src=\"https:\/\/spjutsund.fi\/wp-content\/uploads\/2024\/10\/image.jpeg\" alt=\"Denna bild har ett alt-attribut som \u00e4r tomt. Dess filnamn \u00e4r Tillandning.jpg\" class=\"wp-image-110\" srcset=\"https:\/\/spjutsund.fi\/wp-content\/uploads\/2024\/10\/image.jpeg 333w, https:\/\/spjutsund.fi\/wp-content\/uploads\/2024\/10\/image-300x226.jpeg 300w\" sizes=\"auto, (max-width: 333px) 100vw, 333px\" \/><\/figure>\n\n\n\n<p>\u200b<a href=\"https:\/\/www.maanmittauslaitos.fi\/sv\/fastigheter\/till-fastighetsagare\/inlosning-av-omrade-som-ags-av-annan\"><strong>Tillandning<\/strong>\u00a0<\/a>\u00e4r ett tidigare vattenomr\u00e5de som har omvandlats till mark. Tillandningen uppst\u00e5r vanligtvis som en f\u00f6ljd av landh\u00f6jning, s\u00e4nkning av vattenniv\u00e5n eller igenv\u00e4xning. Tillandning \u00e4r ofta ett smalt omr\u00e5de mellan en tomt och vatten. Exempelvis n\u00e5r en strandtomt till vattnet efter inl\u00f6sning av tillandning.<\/p>\n\n\n\n<p>Del\u00e4garlaget har nu f\u00e5tt till sitt f\u00f6rfogande ett flertal verktyg f\u00f6r att effektivare kunna f\u00f6lja med hur mycket landh\u00f6jningen p\u00e5verkar omr\u00e5det. Bland annat Lantm\u00e4terikartor, flygfotografier samt myndighetsrapporter.<\/p>\n\n\n\n<p><strong>Om en fastighets\u00e4gare utnyttjar tillandningen*), dvs det markomr\u00e5de som fril\u00e4ggs vid landh\u00f6jningen, b\u00f6r fastighets\u00e4garen l\u00f6sa in tillandningen, dvs k\u00f6pa den av Del\u00e4garlaget.<\/strong><\/p>\n\n\n\n<p>Det g\u00f6rs genom en <strong>skriftlig anm\u00e4lan<\/strong> till Del\u00e4garlaget, som sedan tillsammans med fastighets\u00e4garen kontaktar ber\u00f6rda myndigheterna f\u00f6r att arrangera en Lantm\u00e4terif\u00f6rr\u00e4ttning. Under f\u00f6rr\u00e4ttningen b\u00f6r samtliga r\u00e5grannar h\u00f6ras, men \u00e4ven Del\u00e4garlagets representant har r\u00e4tt att vara n\u00e4rvarande, representerande tillandningens \u00e4gare.  <\/p>\n\n\n\n<p>Efter verkst\u00e4lld Lantm\u00e4terif\u00f6rr\u00e4ttning och stadgad besv\u00e4rstid, registreras de nya fastighetsgr\u00e4nserna och fastighets\u00e4garen kan sedan lagligt anv\u00e4nda omr\u00e5det.<\/p>\n\n\n\n<p>Under Lantm\u00e4terif\u00f6rr\u00e4ttningen fastst\u00e4lls tillandning v\u00e4rde per m<sup>2<\/sup>. Vid frivillig inl\u00f6sning \u00e4r priset alltid l\u00e4gre \u00e4n vid en inl\u00f6sning som sker p\u00e5 anmodan av myndigheter eller av Del\u00e4garlaget. \u00c4ven Lantm\u00e4terif\u00f6rr\u00e4ttningen \u00e4r l\u00e4ttare, snabbare och billigare vid en frivillig inl\u00f6sning. <\/p>\n\n\n\n<p><strong>L\u00e4s h\u00e4r vad <a href=\"https:\/\/www.maanmittauslaitos.fi\/sv\/aktuellt\/tillandning-vad-borde-stugagare-veta-om-det-har-speciella-ordet\">Lantm\u00e4teriverket<\/a> s\u00e4ger om tillandning<\/strong><\/p>\n\n\n\n<p>L\u00e4nk till <\/p>\n\n\n\n<p><a href=\"https:\/\/www.finlex.fi\/sv\/laki\/ajantasa\/1977\/19770603\"><strong>Lagen om inl\u00f6sning<\/strong><\/a><\/p>\n\n\n\n<p>*)<strong>Vad menas med &#8221;utnyttjar tillandningen&#8221;? <\/strong><\/p>\n\n\n\n<p><em>Om omr\u00e5det p\u00e5 n\u00e5got s\u00e4tt utnyttjas av \u00e4garen till strandfastigheten, f\u00f6r f\u00f6rvaring av b\u00e5tar, bryggdelar eller motsvarande, eller ist\u00e5nds\u00e4tts som strand\u00e4ng eller om man bygger n\u00e5got, \u00e4ven brygga, anses strandfastighets\u00e4garen utnyttja annans egendom, i detta fall Del\u00e4garlagets. I dylika fall b\u00f6r strandfastighets\u00e4garen sj\u00e4lv anm\u00e4la sitt intrtesse f\u00f6r inl\u00f6sning, varvid processen \u00e4r snabbare och f\u00f6rm\u00e5nligare \u00e4n d\u00e5 anv\u00e4ndningen kommer till myndigheternas eller grannarnas k\u00e4nnedom p\u00e5 annan v\u00e4g.  <\/em><\/p>\n\n\n\n<p><\/p>\n","protected":false},"excerpt":{"rendered":"<p>\u200bTillandning\u00a0\u00e4r ett tidigare vattenomr\u00e5de som har omvandlats till mark. Tillandningen uppst\u00e5r vanligtvis som en f\u00f6ljd av landh\u00f6jning, s\u00e4nkning av vattenniv\u00e5n eller igenv\u00e4xning. Tillandning \u00e4r ofta ett smalt omr\u00e5de mellan en tomt och vatten. Exempelvis n\u00e5r en strandtomt till vattnet efter inl\u00f6sning av tillandning. Del\u00e4garlaget har nu f\u00e5tt till sitt f\u00f6rfogande ett flertal verktyg f\u00f6r att [&hellip;]<\/p>\n","protected":false},"author":2,"featured_media":0,"parent":136,"menu_order":5,"comment_status":"closed","ping_status":"closed","template":"","meta":{"footnotes":""},"class_list":["post-60","page","type-page","status-publish","hentry"],"_links":{"self":[{"href":"https:\/\/spjutsund.fi\/index.php\/wp-json\/wp\/v2\/pages\/60","targetHints":{"allow":["GET"]}}],"collection":[{"href":"https:\/\/spjutsund.fi\/index.php\/wp-json\/wp\/v2\/pages"}],"about":[{"href":"https:\/\/spjutsund.fi\/index.php\/wp-json\/wp\/v2\/types\/page"}],"author":[{"embeddable":true,"href":"https:\/\/spjutsund.fi\/index.php\/wp-json\/wp\/v2\/users\/2"}],"replies":[{"embeddable":true,"href":"https:\/\/spjutsund.fi\/index.php\/wp-json\/wp\/v2\/comments?post=60"}],"version-history":[{"count":6,"href":"https:\/\/spjutsund.fi\/index.php\/wp-json\/wp\/v2\/pages\/60\/revisions"}],"predecessor-version":[{"id":197,"href":"https:\/\/spjutsund.fi\/index.php\/wp-json\/wp\/v2\/pages\/60\/revisions\/197"}],"up":[{"embeddable":true,"href":"https:\/\/spjutsund.fi\/index.php\/wp-json\/wp\/v2\/pages\/136"}],"wp:attachment":[{"href":"https:\/\/spjutsund.fi\/index.php\/wp-json\/wp\/v2\/media?parent=60"}],"curies":[{"name":"wp","href":"https:\/\/api.w.org\/{rel}","templated":true}]}}