{"id":62,"date":"2024-10-23T15:33:13","date_gmt":"2024-10-23T12:33:13","guid":{"rendered":"https:\/\/spjutsund.fi\/?page_id=62"},"modified":"2025-09-01T13:43:29","modified_gmt":"2025-09-01T10:43:29","slug":"muddring","status":"publish","type":"page","link":"https:\/\/spjutsund.fi\/index.php\/delagarinfo\/muddring\/","title":{"rendered":"Muddring"},"content":{"rendered":"\n<figure class=\"wp-block-image size-full\"><img loading=\"lazy\" decoding=\"async\" width=\"418\" height=\"251\" src=\"https:\/\/spjutsund.fi\/wp-content\/uploads\/2024\/10\/Muddring.jpg\" alt=\"\" class=\"wp-image-104\" srcset=\"https:\/\/spjutsund.fi\/wp-content\/uploads\/2024\/10\/Muddring.jpg 418w, https:\/\/spjutsund.fi\/wp-content\/uploads\/2024\/10\/Muddring-300x180.jpg 300w\" sizes=\"auto, (max-width: 418px) 100vw, 418px\" \/><\/figure>\n\n\n\n<p>Det \u00e4r vanligt att l\u00e5ta muddra utanf\u00f6r den egna stranden, endera f\u00f6r att g\u00f6ra det m\u00f6jligt att l\u00e4gga till med en mera djupg\u00e5ende b\u00e5t vid bryggan, eller f\u00f6r att g\u00f6ra stranden mera anv\u00e4ndarv\u00e4nlig, genom att muddra och gr\u00e4va bort vass och sten. Muddring blir ofta aktuellt d\u00e5 man man vill utnyttja tillandningsomr\u00e5den. <\/p>\n\n\n\n<p>\u00c4ven Del\u00e4garlaget g\u00f6r ibland egna muddringsarbeten f\u00f6r att trygga fiskeleder eller f\u00f6r att f\u00f6rb\u00e4ttra fiskarnas lekmilj\u00f6er.<\/p>\n\n\n\n<p><strong>Alla s\u00e5dana arbeten fordrar tillst\u00e5nd av Del\u00e4garlaget och d\u00e5 det \u00e4r fr\u00e5ga om st\u00f6rre m\u00e4ngder, \u00e4ven tillst\u00e5nd av myndigheterna (se l\u00e4nkarna l\u00e4gre ner). <\/strong><\/p>\n\n\n\n<p><strong>Det r\u00e4cker allts\u00e5 inte med enbart en anm\u00e4lan!<\/strong><\/p>\n\n\n\n<p><strong>Tillst\u00e5ndet \u00e4r avgiftsbelagt.<\/strong><\/p>\n\n\n\n<p>Del\u00e4garlaget och myndigheterna har r\u00e4tt att \u00e4ven i efterskott kr\u00e4va \u00e5terst\u00e4llande av stranden, eller att kr\u00e4va ers\u00e4ttning f\u00f6r arbeten som gjort utan tillst\u00e5nd. <\/p>\n\n\n\n<p><a href=\"https:\/\/www.suomi.fi\/service\/natservice\/anmalan-om-muddring-och-slatter-ntm-centralen\/898a03dd-745c-42e1-bba4-5f9e6227f3a4\">Anm\u00e4lan om muddring och sl\u00e5tter &#8211; Suomi.fi<\/a><\/p>\n\n\n\n<p><a href=\"https:\/\/www.ely-keskus.fi\/-\/sahkoinen-ruoppaus-ja-niittoilmoituslomake-kayttoon\">Elektronisk blankett f\u00f6r muddring och sl\u00e5tter &#8211; ely &#8211; ELY-keskus<\/a><\/p>\n\n\n\n<p><a href=\"https:\/\/www.vesi.fi\/vesitieto\/rannan-ruoppaus\/\">Rannan ruoppaus | Vesi.fi<\/a><\/p>\n\n\n\n<p><\/p>\n","protected":false},"excerpt":{"rendered":"<p>Det \u00e4r vanligt att l\u00e5ta muddra utanf\u00f6r den egna stranden, endera f\u00f6r att g\u00f6ra det m\u00f6jligt att l\u00e4gga till med en mera djupg\u00e5ende b\u00e5t vid bryggan, eller f\u00f6r att g\u00f6ra stranden mera anv\u00e4ndarv\u00e4nlig, genom att muddra och gr\u00e4va bort vass och sten. Muddring blir ofta aktuellt d\u00e5 man man vill utnyttja tillandningsomr\u00e5den. \u00c4ven Del\u00e4garlaget g\u00f6r [&hellip;]<\/p>\n","protected":false},"author":2,"featured_media":0,"parent":136,"menu_order":5,"comment_status":"closed","ping_status":"closed","template":"","meta":{"footnotes":""},"class_list":["post-62","page","type-page","status-publish","hentry"],"_links":{"self":[{"href":"https:\/\/spjutsund.fi\/index.php\/wp-json\/wp\/v2\/pages\/62","targetHints":{"allow":["GET"]}}],"collection":[{"href":"https:\/\/spjutsund.fi\/index.php\/wp-json\/wp\/v2\/pages"}],"about":[{"href":"https:\/\/spjutsund.fi\/index.php\/wp-json\/wp\/v2\/types\/page"}],"author":[{"embeddable":true,"href":"https:\/\/spjutsund.fi\/index.php\/wp-json\/wp\/v2\/users\/2"}],"replies":[{"embeddable":true,"href":"https:\/\/spjutsund.fi\/index.php\/wp-json\/wp\/v2\/comments?post=62"}],"version-history":[{"count":5,"href":"https:\/\/spjutsund.fi\/index.php\/wp-json\/wp\/v2\/pages\/62\/revisions"}],"predecessor-version":[{"id":287,"href":"https:\/\/spjutsund.fi\/index.php\/wp-json\/wp\/v2\/pages\/62\/revisions\/287"}],"up":[{"embeddable":true,"href":"https:\/\/spjutsund.fi\/index.php\/wp-json\/wp\/v2\/pages\/136"}],"wp:attachment":[{"href":"https:\/\/spjutsund.fi\/index.php\/wp-json\/wp\/v2\/media?parent=62"}],"curies":[{"name":"wp","href":"https:\/\/api.w.org\/{rel}","templated":true}]}}