{"id":65,"date":"2024-10-23T15:33:49","date_gmt":"2024-10-23T12:33:49","guid":{"rendered":"https:\/\/spjutsund.fi\/?page_id=65"},"modified":"2024-11-04T20:18:31","modified_gmt":"2024-11-04T17:18:31","slug":"kabel-och-rordragning","status":"publish","type":"page","link":"https:\/\/spjutsund.fi\/index.php\/delagarinfo\/kabel-och-rordragning\/","title":{"rendered":"Kabel- och r\u00f6rdragning samt utfyllnad av strand."},"content":{"rendered":"\n<figure class=\"wp-block-image size-full\"><img loading=\"lazy\" decoding=\"async\" width=\"846\" height=\"402\" src=\"https:\/\/spjutsund.fi\/wp-content\/uploads\/2024\/11\/Screenshot_4-11-2024_19149_www.traficom.fi_.jpeg\" alt=\"\" class=\"wp-image-183\" srcset=\"https:\/\/spjutsund.fi\/wp-content\/uploads\/2024\/11\/Screenshot_4-11-2024_19149_www.traficom.fi_.jpeg 846w, https:\/\/spjutsund.fi\/wp-content\/uploads\/2024\/11\/Screenshot_4-11-2024_19149_www.traficom.fi_-300x143.jpeg 300w, https:\/\/spjutsund.fi\/wp-content\/uploads\/2024\/11\/Screenshot_4-11-2024_19149_www.traficom.fi_-768x365.jpeg 768w\" sizes=\"auto, (max-width: 846px) 100vw, 846px\" \/><\/figure>\n\n\n\n<p>\u00c4ven havsbottnen p\u00e5 Del\u00e4garlagets omr\u00e5de, \u00e4gs och f\u00f6rvaltas av Del\u00e4garlaget. Det betyder att alla r\u00f6rdragningar tex av r\u00f6r f\u00f6r v\u00e4rmev\u00e4xlare eller elkablar, kr\u00e4ver tillst\u00e5nd av Del\u00e4garlaget och ibland \u00e4ven av Traficom.<\/p>\n\n\n\n<p><strong><a href=\"https:\/\/www.traficom.fi\/sites\/default\/files\/media\/file\/Ilmajohtojen%20sek%C3%A4%20kaapeleiden%20ja%20putkijohtojen%20asettaminen%20vesialueella_lopullinen.pdf\">L\u00e4s h\u00e4r <\/a>om reglerna f\u00f6r dragning av kablar och r\u00f6r p\u00e5 vattenomr\u00e5den<\/strong><\/p>\n\n\n\n<p>\u00c4ven utfyllnad av strand med sand eller motsvarande \u00e4r tillst\u00e5ndsbelagt och kan \u00e4ven kr\u00e4va myndighetstillst\u00e5nd, beroende p\u00e5 utfyllnadens omfattning. <\/p>\n\n\n\n<p><strong>F\u00f6r s\u00e4kerhets skull<\/strong>, meddela \u00e4ven mindre utfyllnader f\u00f6r att undvika att myndigheterna i efterskott kr\u00e4ver \u00e5terst\u00e4llning stranden samt ers\u00e4ttning f\u00f6r milj\u00f6skada.<\/p>\n\n\n\n<p><\/p>\n","protected":false},"excerpt":{"rendered":"<p>\u00c4ven havsbottnen p\u00e5 Del\u00e4garlagets omr\u00e5de, \u00e4gs och f\u00f6rvaltas av Del\u00e4garlaget. Det betyder att alla r\u00f6rdragningar tex av r\u00f6r f\u00f6r v\u00e4rmev\u00e4xlare eller elkablar, kr\u00e4ver tillst\u00e5nd av Del\u00e4garlaget och ibland \u00e4ven av Traficom. L\u00e4s h\u00e4r om reglerna f\u00f6r dragning av kablar och r\u00f6r p\u00e5 vattenomr\u00e5den \u00c4ven utfyllnad av strand med sand eller motsvarande \u00e4r tillst\u00e5ndsbelagt och kan [&hellip;]<\/p>\n","protected":false},"author":2,"featured_media":0,"parent":136,"menu_order":5,"comment_status":"closed","ping_status":"closed","template":"","meta":{"footnotes":""},"class_list":["post-65","page","type-page","status-publish","hentry"],"_links":{"self":[{"href":"https:\/\/spjutsund.fi\/index.php\/wp-json\/wp\/v2\/pages\/65","targetHints":{"allow":["GET"]}}],"collection":[{"href":"https:\/\/spjutsund.fi\/index.php\/wp-json\/wp\/v2\/pages"}],"about":[{"href":"https:\/\/spjutsund.fi\/index.php\/wp-json\/wp\/v2\/types\/page"}],"author":[{"embeddable":true,"href":"https:\/\/spjutsund.fi\/index.php\/wp-json\/wp\/v2\/users\/2"}],"replies":[{"embeddable":true,"href":"https:\/\/spjutsund.fi\/index.php\/wp-json\/wp\/v2\/comments?post=65"}],"version-history":[{"count":5,"href":"https:\/\/spjutsund.fi\/index.php\/wp-json\/wp\/v2\/pages\/65\/revisions"}],"predecessor-version":[{"id":185,"href":"https:\/\/spjutsund.fi\/index.php\/wp-json\/wp\/v2\/pages\/65\/revisions\/185"}],"up":[{"embeddable":true,"href":"https:\/\/spjutsund.fi\/index.php\/wp-json\/wp\/v2\/pages\/136"}],"wp:attachment":[{"href":"https:\/\/spjutsund.fi\/index.php\/wp-json\/wp\/v2\/media?parent=65"}],"curies":[{"name":"wp","href":"https:\/\/api.w.org\/{rel}","templated":true}]}}