{"id":70,"date":"2024-10-23T15:35:04","date_gmt":"2024-10-23T12:35:04","guid":{"rendered":"https:\/\/spjutsund.fi\/?page_id=70"},"modified":"2024-11-03T19:09:03","modified_gmt":"2024-11-03T16:09:03","slug":"fiskeovervakning","status":"publish","type":"page","link":"https:\/\/spjutsund.fi\/index.php\/allt-om-fiske\/fiskeovervakning\/","title":{"rendered":"Fiske\u00f6vervakning"},"content":{"rendered":"\n<figure class=\"wp-block-image size-large\"><img loading=\"lazy\" decoding=\"async\" width=\"1024\" height=\"512\" src=\"https:\/\/spjutsund.fi\/wp-content\/uploads\/2024\/10\/Fiskeovervakarbild-1024x512.jpg\" alt=\"\" class=\"wp-image-100\" srcset=\"https:\/\/spjutsund.fi\/wp-content\/uploads\/2024\/10\/Fiskeovervakarbild-1024x512.jpg 1024w, https:\/\/spjutsund.fi\/wp-content\/uploads\/2024\/10\/Fiskeovervakarbild-300x150.jpg 300w, https:\/\/spjutsund.fi\/wp-content\/uploads\/2024\/10\/Fiskeovervakarbild-768x384.jpg 768w, https:\/\/spjutsund.fi\/wp-content\/uploads\/2024\/10\/Fiskeovervakarbild-1536x768.jpg 1536w, https:\/\/spjutsund.fi\/wp-content\/uploads\/2024\/10\/Fiskeovervakarbild-2048x1024.jpg 2048w\" sizes=\"auto, (max-width: 1024px) 100vw, 1024px\" \/><\/figure>\n\n\n\n<p>Fiske\u00f6vervakningen p\u00e5 Del\u00e4garlagets omr\u00e5de sk\u00f6ts av flera olika instanser, b\u00e5de fr\u00e5n stranden och fr\u00e5n b\u00e5t och p\u00e5 isen.<\/p>\n\n\n\n<p>Del\u00e4garlaget har en egen fiske\u00f6vervakare som \u00e4ven svarar f\u00f6r f\u00f6rs\u00e4ljning av fiskebrickor, dvs de brickor som f\u00e4st p\u00e5 fasta bragder och anger fisker\u00e4tten. Del\u00e4gare har enligt Lagen om Fiske, inte r\u00e4tt att p\u00e5 eget bev\u00e5g granska andras bragder eller att avl\u00e4gsna dessa, utan det b\u00f6r alltid ske i samr\u00e5d med Fiske\u00f6vervakaren, Polismyndigheterna, Gr\u00e4nsbevakningen (via 112) eller NTM-centralens fiske\u00f6vervakare.<\/p>\n\n\n\n<p><strong>Fiske\u00f6vervakaren <\/strong>n\u00e5s per telefon 0400 614 887 eller via WhatsApp mellan kl 09:00 och 19:00 eller per epost <a href=\"spjutsund@thsfinland.fi\">spjutsund@thsfinland.fi<\/a><\/p>\n\n\n\n<figure class=\"wp-block-image size-large\"><img loading=\"lazy\" decoding=\"async\" width=\"824\" height=\"1024\" src=\"https:\/\/spjutsund.fi\/wp-content\/uploads\/2024\/11\/Overvakning-824x1024.jpg\" alt=\"\" class=\"wp-image-140\" srcset=\"https:\/\/spjutsund.fi\/wp-content\/uploads\/2024\/11\/Overvakning-824x1024.jpg 824w, https:\/\/spjutsund.fi\/wp-content\/uploads\/2024\/11\/Overvakning-241x300.jpg 241w, https:\/\/spjutsund.fi\/wp-content\/uploads\/2024\/11\/Overvakning-768x954.jpg 768w, https:\/\/spjutsund.fi\/wp-content\/uploads\/2024\/11\/Overvakning-1236x1536.jpg 1236w, https:\/\/spjutsund.fi\/wp-content\/uploads\/2024\/11\/Overvakning.jpg 1402w\" sizes=\"auto, (max-width: 824px) 100vw, 824px\" \/><\/figure>\n","protected":false},"excerpt":{"rendered":"<p>Fiske\u00f6vervakningen p\u00e5 Del\u00e4garlagets omr\u00e5de sk\u00f6ts av flera olika instanser, b\u00e5de fr\u00e5n stranden och fr\u00e5n b\u00e5t och p\u00e5 isen. Del\u00e4garlaget har en egen fiske\u00f6vervakare som \u00e4ven svarar f\u00f6r f\u00f6rs\u00e4ljning av fiskebrickor, dvs de brickor som f\u00e4st p\u00e5 fasta bragder och anger fisker\u00e4tten. Del\u00e4gare har enligt Lagen om Fiske, inte r\u00e4tt att p\u00e5 eget bev\u00e5g granska andras [&hellip;]<\/p>\n","protected":false},"author":2,"featured_media":0,"parent":133,"menu_order":5,"comment_status":"closed","ping_status":"closed","template":"","meta":{"footnotes":""},"class_list":["post-70","page","type-page","status-publish","hentry"],"_links":{"self":[{"href":"https:\/\/spjutsund.fi\/index.php\/wp-json\/wp\/v2\/pages\/70","targetHints":{"allow":["GET"]}}],"collection":[{"href":"https:\/\/spjutsund.fi\/index.php\/wp-json\/wp\/v2\/pages"}],"about":[{"href":"https:\/\/spjutsund.fi\/index.php\/wp-json\/wp\/v2\/types\/page"}],"author":[{"embeddable":true,"href":"https:\/\/spjutsund.fi\/index.php\/wp-json\/wp\/v2\/users\/2"}],"replies":[{"embeddable":true,"href":"https:\/\/spjutsund.fi\/index.php\/wp-json\/wp\/v2\/comments?post=70"}],"version-history":[{"count":4,"href":"https:\/\/spjutsund.fi\/index.php\/wp-json\/wp\/v2\/pages\/70\/revisions"}],"predecessor-version":[{"id":144,"href":"https:\/\/spjutsund.fi\/index.php\/wp-json\/wp\/v2\/pages\/70\/revisions\/144"}],"up":[{"embeddable":true,"href":"https:\/\/spjutsund.fi\/index.php\/wp-json\/wp\/v2\/pages\/133"}],"wp:attachment":[{"href":"https:\/\/spjutsund.fi\/index.php\/wp-json\/wp\/v2\/media?parent=70"}],"curies":[{"name":"wp","href":"https:\/\/api.w.org\/{rel}","templated":true}]}}