{"id":73,"date":"2024-10-23T15:35:39","date_gmt":"2024-10-23T12:35:39","guid":{"rendered":"https:\/\/spjutsund.fi\/?page_id=73"},"modified":"2026-04-28T15:47:35","modified_gmt":"2026-04-28T12:47:35","slug":"utplantering-av-yngel","status":"publish","type":"page","link":"https:\/\/spjutsund.fi\/index.php\/allt-om-fiske\/utplantering-av-yngel\/","title":{"rendered":"Utplantering av yngel"},"content":{"rendered":"\n<figure class=\"wp-block-image size-large\"><img loading=\"lazy\" decoding=\"async\" width=\"768\" height=\"1024\" src=\"https:\/\/spjutsund.fi\/wp-content\/uploads\/2024\/11\/Sik-768x1024.jpg\" alt=\"\" class=\"wp-image-141\" srcset=\"https:\/\/spjutsund.fi\/wp-content\/uploads\/2024\/11\/Sik-768x1024.jpg 768w, https:\/\/spjutsund.fi\/wp-content\/uploads\/2024\/11\/Sik-225x300.jpg 225w, https:\/\/spjutsund.fi\/wp-content\/uploads\/2024\/11\/Sik-1152x1536.jpg 1152w, https:\/\/spjutsund.fi\/wp-content\/uploads\/2024\/11\/Sik.jpg 1200w\" sizes=\"auto, (max-width: 768px) 100vw, 768px\" \/><\/figure>\n\n\n\n<p>Del\u00e4garlaget jobbar aktivt med att trygga fiskarnas naturliga reproduktion. Det h\u00e4r sker b\u00e5de genom \u00f6vervakning av fiske f\u00f6r att undvika att fiskestammarna utarmas, men ocks\u00e5 genom muddring och utplantering av fiskyngel.<\/p>\n\n\n\n<p>De senaste \u00e5ren har det p\u00e5 omr\u00e5det utplanterats g\u00e4dda, sik och lake. Utplanteringen \u00e4r helt beroende av int\u00e4kterna vi f\u00e5r fr\u00e5n fiskem\u00e4rkesf\u00f6rs\u00e4ljningen. D\u00e4rf\u00f6r uppmanar vi alla, \u00e4ven de som inte aktivt fiskar med fasta bragder, att st\u00f6da del\u00e4garlagets arbete genom att l\u00f6sa in fiskem\u00e4rken \u00e5rligen.    <\/p>\n\n\n\n<figure class=\"wp-block-gallery has-nested-images columns-default is-cropped wp-block-gallery-1 is-layout-flex wp-block-gallery-is-layout-flex\">\n<figure class=\"wp-block-image size-large\"><img loading=\"lazy\" decoding=\"async\" width=\"1024\" height=\"806\" data-id=\"345\" src=\"https:\/\/spjutsund.fi\/wp-content\/uploads\/2026\/04\/Lakyngel-1024x806.jpg\" alt=\"\" class=\"wp-image-345\" srcset=\"https:\/\/spjutsund.fi\/wp-content\/uploads\/2026\/04\/Lakyngel-1024x806.jpg 1024w, https:\/\/spjutsund.fi\/wp-content\/uploads\/2026\/04\/Lakyngel-300x236.jpg 300w, https:\/\/spjutsund.fi\/wp-content\/uploads\/2026\/04\/Lakyngel-768x605.jpg 768w, https:\/\/spjutsund.fi\/wp-content\/uploads\/2026\/04\/Lakyngel-1536x1210.jpg 1536w, https:\/\/spjutsund.fi\/wp-content\/uploads\/2026\/04\/Lakyngel-2048x1613.jpg 2048w\" sizes=\"auto, (max-width: 1024px) 100vw, 1024px\" \/><\/figure>\n<\/figure>\n\n\n\n<p>H\u00e4r utplanteras 100 000 lakyngel i L\u00f6par\u00f6 kanal i april 2026<\/p>\n","protected":false},"excerpt":{"rendered":"<p>Del\u00e4garlaget jobbar aktivt med att trygga fiskarnas naturliga reproduktion. Det h\u00e4r sker b\u00e5de genom \u00f6vervakning av fiske f\u00f6r att undvika att fiskestammarna utarmas, men ocks\u00e5 genom muddring och utplantering av fiskyngel. De senaste \u00e5ren har det p\u00e5 omr\u00e5det utplanterats g\u00e4dda, sik och lake. Utplanteringen \u00e4r helt beroende av int\u00e4kterna vi f\u00e5r fr\u00e5n fiskem\u00e4rkesf\u00f6rs\u00e4ljningen. D\u00e4rf\u00f6r uppmanar [&hellip;]<\/p>\n","protected":false},"author":2,"featured_media":0,"parent":133,"menu_order":5,"comment_status":"closed","ping_status":"closed","template":"","meta":{"footnotes":""},"class_list":["post-73","page","type-page","status-publish","hentry"],"_links":{"self":[{"href":"https:\/\/spjutsund.fi\/index.php\/wp-json\/wp\/v2\/pages\/73","targetHints":{"allow":["GET"]}}],"collection":[{"href":"https:\/\/spjutsund.fi\/index.php\/wp-json\/wp\/v2\/pages"}],"about":[{"href":"https:\/\/spjutsund.fi\/index.php\/wp-json\/wp\/v2\/types\/page"}],"author":[{"embeddable":true,"href":"https:\/\/spjutsund.fi\/index.php\/wp-json\/wp\/v2\/users\/2"}],"replies":[{"embeddable":true,"href":"https:\/\/spjutsund.fi\/index.php\/wp-json\/wp\/v2\/comments?post=73"}],"version-history":[{"count":3,"href":"https:\/\/spjutsund.fi\/index.php\/wp-json\/wp\/v2\/pages\/73\/revisions"}],"predecessor-version":[{"id":346,"href":"https:\/\/spjutsund.fi\/index.php\/wp-json\/wp\/v2\/pages\/73\/revisions\/346"}],"up":[{"embeddable":true,"href":"https:\/\/spjutsund.fi\/index.php\/wp-json\/wp\/v2\/pages\/133"}],"wp:attachment":[{"href":"https:\/\/spjutsund.fi\/index.php\/wp-json\/wp\/v2\/media?parent=73"}],"curies":[{"name":"wp","href":"https:\/\/api.w.org\/{rel}","templated":true}]}}