{"id":76,"date":"2024-10-29T11:35:47","date_gmt":"2024-10-29T08:35:47","guid":{"rendered":"https:\/\/spjutsund.fi\/?page_id=76"},"modified":"2026-02-23T12:54:54","modified_gmt":"2026-02-23T09:54:54","slug":"spjutsunds-delagarlag-2","status":"publish","type":"page","link":"https:\/\/spjutsund.fi\/","title":{"rendered":"V\u00e4lkommen"},"content":{"rendered":"\n<figure class=\"wp-block-image size-full is-resized\"><img loading=\"lazy\" decoding=\"async\" width=\"521\" height=\"63\" src=\"https:\/\/spjutsund.fi\/wp-content\/uploads\/2024\/11\/Spjutsund-logo.jpeg\" alt=\"\" class=\"wp-image-205\" style=\"width:620px;height:auto\" srcset=\"https:\/\/spjutsund.fi\/wp-content\/uploads\/2024\/11\/Spjutsund-logo.jpeg 521w, https:\/\/spjutsund.fi\/wp-content\/uploads\/2024\/11\/Spjutsund-logo-300x36.jpeg 300w\" sizes=\"auto, (max-width: 521px) 100vw, 521px\" \/><\/figure>\n\n\n\n<figure class=\"wp-block-image size-large\"><img loading=\"lazy\" decoding=\"async\" width=\"1024\" height=\"768\" src=\"https:\/\/spjutsund.fi\/wp-content\/uploads\/2024\/09\/20240813_120311-1024x768.jpg\" alt=\"\" class=\"wp-image-15\" srcset=\"https:\/\/spjutsund.fi\/wp-content\/uploads\/2024\/09\/20240813_120311-1024x768.jpg 1024w, https:\/\/spjutsund.fi\/wp-content\/uploads\/2024\/09\/20240813_120311-300x225.jpg 300w, https:\/\/spjutsund.fi\/wp-content\/uploads\/2024\/09\/20240813_120311-768x576.jpg 768w, https:\/\/spjutsund.fi\/wp-content\/uploads\/2024\/09\/20240813_120311-1536x1152.jpg 1536w, https:\/\/spjutsund.fi\/wp-content\/uploads\/2024\/09\/20240813_120311-2048x1536.jpg 2048w\" sizes=\"auto, (max-width: 1024px) 100vw, 1024px\" \/><\/figure>\n\n\n\n<p><strong>Del\u00e4garlagets namn<\/strong>: Spjutsunds Del\u00e4garlag <\/p>\n\n\n\n<p><strong>Registernummer<\/strong>: 2030116-9<\/p>\n\n\n\n<p><strong>Hemort<\/strong>: Sibbo<\/p>\n\n\n\n<p><strong>Kommun d\u00e4r vattenomr\u00e5det \u00e4r bel\u00e4get<\/strong>: Sibbo kommun<\/p>\n\n\n\n<p><strong>Fastighetsbeteckning<\/strong>: 753-430-876-2<\/p>\n\n\n\n<p>Del\u00e4garlagets vatten \u00e4r till arealen 870 hektar och finns utm\u00e4rkt i kartbilaga. Till del\u00e4garlagets gemensamma omr\u00e5den h\u00f6r dessutom tillandningar och andra gemensamma omr\u00e5den som har samma fastighetsbeteckning som ovann\u00e4mnda vatten och delar av vatten.<\/p>\n\n\n\n<figure class=\"wp-block-image size-full\"><img loading=\"lazy\" decoding=\"async\" width=\"12480\" height=\"9024\" src=\"https:\/\/spjutsund.fi\/wp-content\/uploads\/2024\/09\/Spjutsunds-Delagarlag-norra-delen.jpg\" alt=\"\" class=\"wp-image-19\"\/><\/figure>\n\n\n\n<figure class=\"wp-block-image size-full\"><img loading=\"lazy\" decoding=\"async\" width=\"12464\" height=\"7792\" src=\"https:\/\/spjutsund.fi\/wp-content\/uploads\/2024\/09\/Spjutsunds-Delagarlag-sodra-delen-1.jpg\" alt=\"\" class=\"wp-image-18\"\/><\/figure>\n\n\n\n<figure class=\"wp-block-image size-large\"><img loading=\"lazy\" decoding=\"async\" width=\"1024\" height=\"731\" src=\"https:\/\/spjutsund.fi\/wp-content\/uploads\/2024\/09\/Korpholmen-1024x731.jpg\" alt=\"\" class=\"wp-image-13\" srcset=\"https:\/\/spjutsund.fi\/wp-content\/uploads\/2024\/09\/Korpholmen-1024x731.jpg 1024w, https:\/\/spjutsund.fi\/wp-content\/uploads\/2024\/09\/Korpholmen-300x214.jpg 300w, https:\/\/spjutsund.fi\/wp-content\/uploads\/2024\/09\/Korpholmen-768x549.jpg 768w, https:\/\/spjutsund.fi\/wp-content\/uploads\/2024\/09\/Korpholmen-1536x1097.jpg 1536w, https:\/\/spjutsund.fi\/wp-content\/uploads\/2024\/09\/Korpholmen-2048x1463.jpg 2048w\" sizes=\"auto, (max-width: 1024px) 100vw, 1024px\" \/><\/figure>\n\n\n\n<p><strong>Del\u00e4garlagets uppgifter<\/strong><\/p>\n\n\n\n<p>Del\u00e4garlagets uppgift \u00e4r att sk\u00f6ta f\u00f6rvaltningen och \u00f6vriga angel\u00e4genheter som g\u00e4ller det samf\u00e4llda omr\u00e5det.<\/p>\n\n\n\n<p>Del\u00e4garlaget skall \u00e4ven inom sitt omr\u00e5de, ordna fisket enligt den <strong><a href=\"https:\/\/borga-sibbosfiskeriomrade.fi\/nyttjande-och-vardplan\/\">Nyttjande- och v\u00e5rdplan<\/a><\/strong> som g\u00e4ller f\u00f6r <strong><a href=\"https:\/\/borga-sibbosfiskeriomrade.fi\/\">Borg\u00e5-Sibbos Fiskeriomr\u00e5de<\/a><\/strong>, p\u00e5 s\u00e5 s\u00e4tt att avkastningen av fiskresursen \u00e4r h\u00e5llbar och m\u00e5ngsidig, samt att fiskbest\u00e5ndens naturliga livscykel samt fiskbest\u00e5ndets och den \u00f6vriga naturens m\u00e5ngfald tryggas.<\/p>\n\n\n\n<p><strong>Vad \u00e4r ett Del\u00e4garlag &#8211; vad betyder det att vara del\u00e4gare?<\/strong><\/p>\n\n\n\n<p>Vattenomr\u00e5dena i Finland kan delas in i tre grupper p\u00e5 basis av \u00e4gandef\u00f6rh\u00e5llandena: samf\u00e4llda vatten som f\u00f6rvaltas av del\u00e4garlag, privata vatten och allm\u00e4nna vatten som tillh\u00f6r staten.<\/p>\n\n\n\n<p>Ett samf\u00e4llt omr\u00e5de har del\u00e4garfastigheter, och deras \u00e4gare bildar ett del\u00e4garlag. Ett konstituerat del\u00e4garlag har fastst\u00e4llda stadgar. Anv\u00e4ndningen, f\u00f6rvaltningen och andra fr\u00e5gor som r\u00f6r det gemensamma omr\u00e5det beslutas av del\u00e4garna vid del\u00e4garlagets m\u00f6ten.<\/p>\n\n\n\n<p>I praktiken betyder det allts\u00e5 att varje fastighets\u00e4gare som har en fastighet som i fastighetsregistret \u00e4r i anslutning till Spjutsunds Del\u00e4garlag, \u00e4r del\u00e4gare. Men vattnet \u00e4r inte privat utan \u00e4gs, f\u00f6rvaltas och \u00f6vervakas av Del\u00e4garlaget.  <\/p>\n\n\n\n<p>Vad g\u00e4ller Del\u00e4gares r\u00e4ttigheter och skyldigheter vad g\u00e4ller fiske, muddring, anv\u00e4ndning av tillandningsomr\u00e5de, kabel- och r\u00f6rdragning, v\u00e4nligen se under respektive rubrik uppe p\u00e5 sidan.<\/p>\n\n\n\n<p>Detta s\u00e4ger den aktuella Lagen om samf\u00e4lligheter:<\/p>\n\n\n\n<blockquote class=\"wp-block-quote is-layout-flow wp-block-quote-is-layout-flow\">\n<h3 class=\"wp-block-heading\" id=\"crossHeading_2\">Del\u00e4garlag<\/h3>\n\n\n\n<h4 class=\"wp-block-heading\" id=\"sec_3v20000686__subsec_1v20110915\">3 \u00a7&nbsp;<a href=\"https:\/\/www.finlex.fi\/sv\/lagstiftning\/1989\/758#entryIntoForce_20000686\">(14.7.2000\/686)<\/a><\/h4>\n\n\n\n<p>Fastigheternas \u00e4gare \u00e4r del\u00e4gare i samf\u00e4lligheten eller i den gemensamma s\u00e4rskilda f\u00f6rm\u00e5nen. Del\u00e4garna utg\u00f6r ett del\u00e4garlag. Ett fiskelag enligt lagen om fiske&nbsp;<a href=\"https:\/\/www.finlex.fi\/sv\/lagstiftning\/1982\/286\">(286\/1982)<\/a>&nbsp;utg\u00f6r del\u00e4garlag enligt denna lag. N\u00e4r en del\u00e4garfastighet har flera \u00e4gare, betraktas de tillsammans som en s\u00e5dan \u00e4gare som avses i denna lag. Best\u00e4mmelserna om del\u00e4gare till\u00e4mpas p\u00e5 sam\u00e4gare till en del\u00e4garfastighet endast n\u00e4r s\u00e5 f\u00f6reskrivs nedan.&nbsp;<a href=\"https:\/\/www.finlex.fi\/sv\/lagstiftning\/1989\/758#entryIntoForce_20110915\">(22.7.2011\/915)<\/a><\/p>\n\n\n\n<p>Om ocks\u00e5 andra \u00e4n \u00e4garen har r\u00e4tt att fiska p\u00e5 en str\u00f6mfallsl\u00e4genhets omr\u00e5de, anses dessa tillsammans med \u00e4garen utg\u00f6ra ett del\u00e4garlag f\u00f6r den s\u00e4rskilda f\u00f6rm\u00e5nen, i vilket del\u00e4garskapet best\u00e4ms enligt vars och ens fisker\u00e4tt.<\/p>\n\n\n\n<h4 class=\"wp-block-heading\" id=\"sec_4__subsec_1\">4 \u00a7<\/h4>\n\n\n\n<p>Del\u00e4garlaget skall sk\u00f6ta f\u00f6rvaltningen av samf\u00e4lligheten eller den gemensamma s\u00e4rskilda f\u00f6rm\u00e5nen samt \u00f6vriga angel\u00e4genheter som g\u00e4ller omr\u00e5det eller f\u00f6rm\u00e5nen.<\/p>\n\n\n\n<p>F\u00f6r del\u00e4garlagets verksamhet kan godk\u00e4nnas och fastst\u00e4llas stadgar (<em>konstituerat del\u00e4garlag<\/em>).&nbsp;<a href=\"https:\/\/www.finlex.fi\/sv\/lagstiftning\/1989\/758#entryIntoForce_20110915\">(22.7.2011\/915)<\/a><\/p>\n\n\n\n<p><\/p>\n<\/blockquote>\n","protected":false},"excerpt":{"rendered":"<p>Del\u00e4garlagets namn: Spjutsunds Del\u00e4garlag Registernummer: 2030116-9 Hemort: Sibbo Kommun d\u00e4r vattenomr\u00e5det \u00e4r bel\u00e4get: Sibbo kommun Fastighetsbeteckning: 753-430-876-2 Del\u00e4garlagets vatten \u00e4r till arealen 870 hektar och finns utm\u00e4rkt i kartbilaga. Till del\u00e4garlagets gemensamma omr\u00e5den h\u00f6r dessutom tillandningar och andra gemensamma omr\u00e5den som har samma fastighetsbeteckning som ovann\u00e4mnda vatten och delar av vatten. Del\u00e4garlagets uppgifter Del\u00e4garlagets uppgift [&hellip;]<\/p>\n","protected":false},"author":1,"featured_media":0,"parent":0,"menu_order":0,"comment_status":"closed","ping_status":"closed","template":"","meta":{"footnotes":""},"class_list":["post-76","page","type-page","status-publish","hentry"],"_links":{"self":[{"href":"https:\/\/spjutsund.fi\/index.php\/wp-json\/wp\/v2\/pages\/76","targetHints":{"allow":["GET"]}}],"collection":[{"href":"https:\/\/spjutsund.fi\/index.php\/wp-json\/wp\/v2\/pages"}],"about":[{"href":"https:\/\/spjutsund.fi\/index.php\/wp-json\/wp\/v2\/types\/page"}],"author":[{"embeddable":true,"href":"https:\/\/spjutsund.fi\/index.php\/wp-json\/wp\/v2\/users\/1"}],"replies":[{"embeddable":true,"href":"https:\/\/spjutsund.fi\/index.php\/wp-json\/wp\/v2\/comments?post=76"}],"version-history":[{"count":18,"href":"https:\/\/spjutsund.fi\/index.php\/wp-json\/wp\/v2\/pages\/76\/revisions"}],"predecessor-version":[{"id":274,"href":"https:\/\/spjutsund.fi\/index.php\/wp-json\/wp\/v2\/pages\/76\/revisions\/274"}],"wp:attachment":[{"href":"https:\/\/spjutsund.fi\/index.php\/wp-json\/wp\/v2\/media?parent=76"}],"curies":[{"name":"wp","href":"https:\/\/api.w.org\/{rel}","templated":true}]}}